{"id":2516,"date":"2024-06-27T11:49:27","date_gmt":"2024-06-27T03:49:27","guid":{"rendered":"https:\/\/eee.ceshi.xyz\/?page_id=2516"},"modified":"2025-10-20T15:59:50","modified_gmt":"2025-10-20T07:59:50","slug":"faq","status":"publish","type":"page","link":"https:\/\/www.macypanofficial.com\/de\/faq\/","title":{"rendered":"FAQ"},"content":{"rendered":"<div class=\"wp-block-themepark-block-themepark-wright content-super-p PcOnly\" style=\"font-size:12px;line-height:20px;padding:0px 1px;\">\n<div class=\"wp-block-column\">\n<section class=\"wp-block-themepark-block-themepark-area block_layout thempark-block undefined bom100 top100\" id=\"maxw\" style=\"padding-top:168px;height:600px;box-sizing: border-box;width: 100%;\" data-swiper-parallax=\"-700\"><div class=\"block_layout_in clomnsmal\" style=\"\">\n<div class=\"wp-block-column block_layout_in\">\n<h2 class=\"wp-block-heading has-text-align-center has-monte-white-color has-text-color has-large-font-size\" style=\"letter-spacing:5px\"><span class=\"ez-toc-section\" id=\"MACYPAN_FAQ\"><\/span><span style=\"color: rgb(209, 213, 219); font-family: S\u00f6hne, ui-sans-serif, system-ui, -apple-system, &quot;Segoe UI&quot;, Roboto, Ubuntu, Cantarell, &quot;Noto Sans&quot;, sans-serif, &quot;Helvetica Neue&quot;, Arial, &quot;Apple Color Emoji&quot;, &quot;Segoe UI Emoji&quot;, &quot;Segoe UI Symbol&quot;, &quot;Noto Color Emoji&quot;; font-size: 16px; font-style: normal; font-variant-ligatures: normal; font-variant-caps: normal; font-weight: 400; letter-spacing: normal; orphans: 2; text-align: left; text-indent: 0px; text-transform: none; widows: 2; word-spacing: 0px; -webkit-text-stroke-width: 0px; white-space: pre-wrap; background-color: rgb(68, 70, 84); text-decoration-thickness: initial; text-decoration-style: initial; text-decoration-color: initial; display: inline !important; float: none;\"><\/span>MACYPAN FAQ<span class=\"ez-toc-section-end\"><\/span><\/h2>\n\n\n\n<p class=\"has-text-align-center has-monte-white-color has-text-color has-normal-font-size\" style=\"text-transform:uppercase\"><\/p>\n<\/div>\n<\/div><div class=\"layout_badh\"><div class=\"shizhezhao\" style=\"opacity:0.68;background-color:;\"><\/div><div class=\"PcOnly themepark-block_layout_ba lazyload swiper-lazy\" style=\"background-position:center;\" data-background=\"https:\/\/www.macypanofficial.com\/wp-content\/uploads\/2024\/06\/fenlei02.jpg\"><\/div><\/div><\/section>\n<\/div>\n<\/div>\n\n\n\n<div class=\"wp-block-themepark-block-themepark-wright content-super-p MovePnly\" style=\"font-size:12px;line-height:20px;padding:0px 1px;\">\n<div class=\"wp-block-column\">\n<section class=\"wp-block-themepark-block-themepark-area block_layout thempark-block undefined bom100 top100\" id=\"maxw\" style=\"padding-top:168px;height:600px;box-sizing: border-box;width: 100%;\" data-swiper-parallax=\"-700\"><div class=\"block_layout_in clomnsmal\" style=\"\">\n<div class=\"wp-block-column block_layout_in\">\n<h2 class=\"wp-block-heading has-text-align-center has-monte-white-color has-text-color has-large-font-size\" style=\"letter-spacing:5px\"><span class=\"ez-toc-section\" id=\"MACYPAN_FAQ-2\"><\/span><span style=\"color: rgb(209, 213, 219); font-family: S\u00f6hne, ui-sans-serif, system-ui, -apple-system, &quot;Segoe UI&quot;, Roboto, Ubuntu, Cantarell, &quot;Noto Sans&quot;, sans-serif, &quot;Helvetica Neue&quot;, Arial, &quot;Apple Color Emoji&quot;, &quot;Segoe UI Emoji&quot;, &quot;Segoe UI Symbol&quot;, &quot;Noto Color Emoji&quot;; font-size: 16px; font-style: normal; font-variant-ligatures: normal; font-variant-caps: normal; font-weight: 400; letter-spacing: normal; orphans: 2; text-align: left; text-indent: 0px; text-transform: none; widows: 2; word-spacing: 0px; -webkit-text-stroke-width: 0px; white-space: pre-wrap; background-color: rgb(68, 70, 84); text-decoration-thickness: initial; text-decoration-style: initial; text-decoration-color: initial; display: inline !important; float: none;\"><\/span><mark style=\"background-color:rgba(0, 0, 0, 0);color:#f1f1f1\" class=\"has-inline-color\">MACYPAN <\/mark><mark style=\"background-color:rgba(0, 0, 0, 0)\" class=\"has-inline-color has-monte-white-color\">FAQ<\/mark><span class=\"ez-toc-section-end\"><\/span><\/h2>\n\n\n\n<p class=\"has-text-align-center has-monte-white-color has-text-color has-normal-font-size\" style=\"text-transform:uppercase\"><\/p>\n<\/div>\n<\/div><div class=\"layout_badh\"><div class=\"shizhezhao\" style=\"opacity:0.44;background-color:#000000;\"><\/div><div class=\"MovePnly themepark-block_layout_ba lazyload swiper-move-lazy\" style=\"background-repeat:no-repeat;background-size:cover;background-position:center;\" data-background=\"https:\/\/www.macypanofficial.com\/wp-content\/uploads\/2024\/06\/fenlei02.jpg\"><\/div><\/div><\/section>\n<\/div>\n<\/div>\n\n\n\n<div class=\"wp-block-themepark-block-themepark-wright content-super-p\" style=\"font-size:12px;line-height:20px;padding:1px 1px;\">\n<div class=\"wp-block-column\">\n<section class=\"wp-block-themepark-block-themepark-area block_layout thempark-block undefined\" id=\"\" style=\"background-color:#ffffff;padding-bottom:50px;padding-top:60px;\" data-swiper-parallax=\"-700\"><div class=\"block_layout_in\" style=\"\"><div class=\"post_in_list_head modle_title2\"><h3><span class=\"ez-toc-section\" id=\"FACTORYSHOW\"><\/span><span style=\"color:#146ba2;font-size:16px;\" class=\"main-title\">FACTORY<\/span><span style=\"color:#666666;font-size:16px;\" class=\"as-title\">ANZEIGE<\/span><span class=\"ez-toc-section-end\"><\/span><\/h3><div class=\"title_boout\"><div class=\"title_bo\" style=\"border-bottom:1px solid #ccc;\"><\/div><\/div><\/div>\n<div class=\"wp-block-column block_layout_in\">\n<section class=\"wp-block-themepark-block-themepark-listul thempark-block list_ul_box_out  Effect0\" style=\"padding-bottom:10px;padding-top:20px;undefined\" swlist=\"5\" progresseffect=\"0\" autoplays=\"3\" line=\"1\" loops=\"no\"><div class=\"swiper-container showslidebox_out  listpadings showslidebox_full\"><div class=\"swiper-wrapper\"><div class=\"swiper-slide listul_box  xtpfms\" style=\"\"><a class=\"listul_box_img\" style=\"\"><div style=\"\" class=\"listulpic\"><img loading=\"lazy\" decoding=\"async\" class=\"swiper-lazy swiper-move-lazy lazyload\" data-src=\"https:\/\/www.macypanofficial.com\/wp-content\/uploads\/2024\/06\/xijie027.jpg\" src=\"https:\/\/www.macypanofficial.com\/wp-content\/themes\/smartenterprise\/images\/loading3.png\" alt=\"\" width=\"264\" height=\"140\"><\/div><\/a><\/div><div class=\"swiper-slide listul_box  xtpfms\" style=\"\"><a class=\"listul_box_img\" style=\"\"><div style=\"\" class=\"listulpic\"><img loading=\"lazy\" decoding=\"async\" class=\"swiper-lazy swiper-move-lazy lazyload\" data-src=\"https:\/\/www.macypanofficial.com\/wp-content\/uploads\/2024\/06\/xijie028.jpg\" src=\"https:\/\/www.macypanofficial.com\/wp-content\/themes\/smartenterprise\/images\/loading3.png\" alt=\"\" width=\"264\" height=\"140\"><\/div><\/a><\/div><div class=\"swiper-slide listul_box  xtpfms\" style=\"\"><a class=\"listul_box_img\" style=\"\"><div style=\"\" class=\"listulpic\"><img loading=\"lazy\" decoding=\"async\" class=\"swiper-lazy swiper-move-lazy lazyload\" data-src=\"https:\/\/www.macypanofficial.com\/wp-content\/uploads\/2024\/06\/xijie029.jpg\" src=\"https:\/\/www.macypanofficial.com\/wp-content\/themes\/smartenterprise\/images\/loading3.png\" alt=\"\" width=\"264\" height=\"140\"><\/div><\/a><\/div><div class=\"swiper-slide listul_box  xtpfms\" style=\"\"><a class=\"listul_box_img\" style=\"\"><div style=\"\" class=\"listulpic\"><img loading=\"lazy\" decoding=\"async\" class=\"swiper-lazy swiper-move-lazy lazyload\" data-src=\"https:\/\/www.macypanofficial.com\/wp-content\/uploads\/2024\/06\/xijie030.jpg\" src=\"https:\/\/www.macypanofficial.com\/wp-content\/themes\/smartenterprise\/images\/loading3.png\" alt=\"\" width=\"264\" height=\"140\"><\/div><\/a><\/div><div class=\"swiper-slide listul_box  xtpfms\" style=\"\"><a class=\"listul_box_img\" style=\"\"><div style=\"\" class=\"listulpic\"><img loading=\"lazy\" decoding=\"async\" class=\"swiper-lazy swiper-move-lazy lazyload\" data-src=\"https:\/\/www.macypanofficial.com\/wp-content\/uploads\/2024\/06\/xijiea039.jpg\" src=\"https:\/\/www.macypanofficial.com\/wp-content\/themes\/smartenterprise\/images\/loading3.png\" alt=\"\" width=\"264\" height=\"140\"><\/div><\/a><\/div><\/div><div class=\"pagination MovePnly\"><\/div><\/div><\/section>\n\n\n\n<section class=\"wp-block-themepark-block-themepark-listul thempark-block list_ul_box_out  Effect0\" style=\"padding-bottom:10px;padding-top:20px;undefined\" swlist=\"5\" progresseffect=\"0\" autoplays=\"3\" line=\"1\" loops=\"no\"><div class=\"swiper-container showslidebox_out  listpadings showslidebox_full\"><div class=\"swiper-wrapper\"><div class=\"swiper-slide listul_box  xtpfms\" style=\"\"><a class=\"listul_box_img\" style=\"\"><div style=\"\" class=\"listulpic\"><img loading=\"lazy\" decoding=\"async\" class=\"swiper-lazy swiper-move-lazy lazyload\" data-src=\"https:\/\/www.macypanofficial.com\/wp-content\/uploads\/2024\/06\/xijiea040.jpg\" src=\"https:\/\/www.macypanofficial.com\/wp-content\/themes\/smartenterprise\/images\/loading3.png\" alt=\"\" width=\"264\" height=\"140\"><\/div><\/a><\/div><div class=\"swiper-slide listul_box  xtpfms\" style=\"\"><a class=\"listul_box_img\" style=\"\"><div style=\"\" class=\"listulpic\"><img loading=\"lazy\" decoding=\"async\" class=\"swiper-lazy swiper-move-lazy lazyload\" data-src=\"https:\/\/www.macypanofficial.com\/wp-content\/uploads\/2024\/06\/xijiea035.jpg\" src=\"https:\/\/www.macypanofficial.com\/wp-content\/themes\/smartenterprise\/images\/loading3.png\" alt=\"\" width=\"264\" height=\"140\"><\/div><\/a><\/div><div class=\"swiper-slide listul_box  xtpfms\" style=\"\"><a class=\"listul_box_img\" style=\"\"><div style=\"\" class=\"listulpic\"><img loading=\"lazy\" decoding=\"async\" class=\"swiper-lazy swiper-move-lazy lazyload\" data-src=\"https:\/\/www.macypanofficial.com\/wp-content\/uploads\/2024\/06\/xijiea037.jpg\" src=\"https:\/\/www.macypanofficial.com\/wp-content\/themes\/smartenterprise\/images\/loading3.png\" alt=\"\" width=\"264\" height=\"140\"><\/div><\/a><\/div><div class=\"swiper-slide listul_box  xtpfms\" style=\"\"><a class=\"listul_box_img\" style=\"\"><div style=\"\" class=\"listulpic\"><img loading=\"lazy\" decoding=\"async\" class=\"swiper-lazy swiper-move-lazy lazyload\" data-src=\"https:\/\/www.macypanofficial.com\/wp-content\/uploads\/2024\/06\/xijiea036.jpg\" src=\"https:\/\/www.macypanofficial.com\/wp-content\/themes\/smartenterprise\/images\/loading3.png\" alt=\"\" width=\"264\" height=\"140\"><\/div><\/a><\/div><div class=\"swiper-slide listul_box  xtpfms\" style=\"\"><a class=\"listul_box_img\" style=\"\"><div style=\"\" class=\"listulpic\"><img loading=\"lazy\" decoding=\"async\" class=\"swiper-lazy swiper-move-lazy lazyload\" data-src=\"https:\/\/www.macypanofficial.com\/wp-content\/uploads\/2024\/06\/xijiea038.jpg\" src=\"https:\/\/www.macypanofficial.com\/wp-content\/themes\/smartenterprise\/images\/loading3.png\" alt=\"\" width=\"264\" height=\"140\"><\/div><\/a><\/div><\/div><div class=\"pagination MovePnly\"><\/div><\/div><\/section>\n<\/div>\n<\/div><div class=\"layout_badh\"><\/div><\/section>\n<\/div>\n<\/div>\n\n\n\n<div class=\"wp-block-themepark-block-themepark-wright content-super-p\" style=\"font-size:12px;line-height:20px;\">\n<div class=\"wp-block-column\">\n<section class=\"wp-block-themepark-block-themepark-area block_layout thempark-block undefined\" id=\"\" style=\"\" data-swiper-parallax=\"-700\"><div class=\"block_layout_in\" style=\"\"><div class=\"post_in_list_head modle_title2\"><h3><span class=\"ez-toc-section\" id=\"MACYPANFAQ\"><\/span><span style=\"color:#146ba2;font-size:16px;\" class=\"main-title\">MACYPAN<\/span><span style=\"color:#666666;font-size:16px;\" class=\"as-title\">FAQ<\/span><span class=\"ez-toc-section-end\"><\/span><\/h3><div class=\"title_boout\"><div class=\"title_bo\" style=\"border-bottom:1px solid #eaeaea;\"><\/div><\/div><\/div>\n<div class=\"wp-block-column block_layout_in\">\n<div class=\"wp-block-themepark-block-themepark-wright content-super-p\" style=\"font-size:12px;line-height:20px;padding:10px 10px;\">\n<div class=\"wp-block-column\"><\/div>\n<\/div>\n\n\n\n<div class=\"wp-block-themepark-block-themepark-wright content-super-p\" style=\"font-size:12px;line-height:20px; border:1px #cccccc dotted;padding:10px 10px;\">\n<div class=\"wp-block-column\">\n<p>Fragen: Was ist im Standardpreis f\u00fcr die hyperbare Sauerstoffkammer von Macy Pan enthalten?<\/p>\n\n\n\n<p>Antworten: Der Preis beinhaltet Kammerkapsel\/Kabine, Sauerstoffkonzentrator, Luftkompressor, Luftk\u00fchler und alle Systemkomponenten. Sie m\u00fcssen NICHT kaufen\/vorbereiten etwas anderes.<\/p>\n<\/div>\n<\/div>\n\n\n\n<p><\/p>\n\n\n\n<div class=\"wp-block-themepark-block-themepark-wright content-super-p\" style=\"font-size:12px;line-height:20px; border:1px #cccccc dotted;padding:10px 10px;\">\n<div class=\"wp-block-column\">\n<p>Fragen: Ist bei der Verwendung dieser \u00dcberdruckkammer ein Techniker oder Arzt zur Kontrolle erforderlich?<\/p>\n\n\n\n<p>Antworten: Nein. Unsere Kammern sind einfach und sicher allein zu bedienen, ohne dass Sie Hilfe von Dritten ben\u00f6tigen. Jeder, der \u00fcber ein durchschnittliches Studium verf\u00fcgt, kann die Kammer installieren und bedienen, sofern er das Benutzerhandbuch und das Betriebsvideo liest. Wir bieten unseren Kunden eine Online-Schulung an. Auch ein pers\u00f6nliches Gespr\u00e4ch ist m\u00f6glich.<\/p>\n<\/div>\n<\/div>\n\n\n\n<p><\/p>\n\n\n\n<div class=\"wp-block-themepark-block-themepark-wright content-super-p\" style=\"font-size:12px;line-height:20px; border:1px #cccccc dotted;padding:10px 10px;\">\n<div class=\"wp-block-column\">\n<p>Fragen: Wie sollte ich mich auf eine Behandlung vorbereiten?<\/p>\n\n\n\n<p>Antworten: Die Menschen k\u00f6nnen die Kammer vollst\u00e4ndig bekleidet betreten. Es wird empfohlen, bequeme Kleidung zu tragen. Schuhe, Schmuck oder andere scharfe Gegenst\u00e4nde sollten vor dem Betreten der Kammer ausgezogen werden. Es wird empfohlen, dass Frauen in der Kammer keine Str\u00fcmpfe tragen, da dies ein Gef\u00fchl der Klaustrophobie ausl\u00f6sen kann.<\/p>\n<\/div>\n<\/div>\n\n\n\n<p><\/p>\n\n\n\n<div class=\"wp-block-themepark-block-themepark-wright content-super-p\" style=\"font-size:12px;line-height:20px; border:1px #cccccc dotted;padding:10px 10px;\">\n<div class=\"wp-block-column\">\n<p>Fragen: Wie f\u00fchlt man sich in einer hyperbaren Sauerstoffkammer?<\/p>\n\n\n\n<p>Antworten: W\u00e4hrend die Kammer unter Druck gesetzt wird, sp\u00fcren Ihre Ohren die Druckver\u00e4nderung in der Kammer. Ansonsten sollte er nicht sp\u00fcrbar sein. Um den Druck auszugleichen und ein V\u00f6llegef\u00fchl in den Ohren zu vermeiden, m\u00fcssen Sie Ihre Ohren durch Kauen (Kaugummi oder Essen), Schlucken oder G\u00e4hnen befreien. W\u00e4hrend der Druckbeaufschlagung der Kammer kann Ihr Mund trocken werden. Sobald die Kammer vollst\u00e4ndig unter Druck steht, kehrt der Speichelfluss in den Normalzustand zur\u00fcck. Abgesehen von diesem Ohrendruck gibt es keine ungew\u00f6hnlichen oder anderen Empfindungen. Nach der Benutzung der Sauerstoffkammer ist eines der intuitivsten Gef\u00fchle die Erfrischung, und Sie werden sich voller Vitalit\u00e4t f\u00fchlen.<\/p>\n<\/div>\n<\/div>\n\n\n\n<p><\/p>\n\n\n\n<div class=\"wp-block-themepark-block-themepark-wright content-super-p\" style=\"font-size:12px;line-height:20px; border:1px #cccccc dotted;padding:10px 10px;\">\n<div class=\"wp-block-column\">\n<p>Fragen: Welche Verbesserungen kann ich erwarten?<\/p>\n\n\n\n<p>Antworten: F\u00fcr Studenten hat die Sauerstofferg\u00e4nzung eine gute Wirkung auf die Beseitigung von M\u00fcdigkeit, die Verringerung des Pr\u00fcfungsdrucks und den Schutz des Gehirns. In hypoxischen Gebieten mit Plateau kann der hypoxische Zustand des K\u00f6rpers sofort korrigiert und die Anpassungsf\u00e4higkeit des K\u00f6rpers an das Plateau verbessert werden. Bei Menschen mittleren Alters und \u00e4lteren Menschen kann es den durch den R\u00fcckgang der physiologischen Funktionen verursachten Sauerstoffmangel ausgleichen und die Selbstheilungskr\u00e4fte verbessern. Bei Sportlern kann es die Muskelerm\u00fcdung lindern, die k\u00f6rperliche Kraft wiederherstellen und Sportverletzungen verringern. Bei Frauen kann die Zufuhr von Sauerstoff den Stoffwechsel der Hautzellen verbessern, Melanin reduzieren und die Haut versch\u00f6nern. Bei B\u00fcroangestellten kann es die Sauerstoffdiffusionskapazit\u00e4t des Blutes erh\u00f6hen und so den Hypoxiezustand des K\u00f6rpers verbessern. M\u00fcdigkeit, verminderte Arbeitsf\u00e4higkeit, Ersch\u00f6pfung, Schlaflosigkeit, Appetitlosigkeit usw. k\u00f6nnen gelindert werden.<\/p>\n<\/div>\n<\/div>\n\n\n\n<p><\/p>\n\n\n\n<div class=\"wp-block-themepark-block-themepark-wright content-super-p\" style=\"font-size:12px;line-height:20px; border:1px #cccccc dotted;padding:10px 10px;\">\n<div class=\"wp-block-column\">\n<p>Fragen: Wie lange dauert die Sitzung oder Behandlung?<\/p>\n\n\n\n<p>Antworten: In der Regel f\u00fcr den pers\u00f6nlichen Gebrauch, einmalig 60-90 Minuten, einmal am Tag, 5 Tage pro Woche. Sie werden feststellen k\u00f6nnen, ob Sie weiterhin Verbesserungen erzielen. Eine klinische Studie mit 1730 Probanden zeigt, dass bei akuten Verletzungen etwa 15 Sitzungen und bei chronischen Verletzungen 40 Sitzungen erforderlich sind. Wenn Sie w\u00e4hrend der ersten 40 Sitzungen Ergebnisse gesehen haben, machen Sie weitere 40. Wenn die Verbesserungen anhalten, machen Sie weitere 40. Und so weiter. Sie k\u00f6nnen die Anzahl der erforderlichen Sitzungen besser beurteilen als jeder Arzt.<\/p>\n<\/div>\n<\/div>\n\n\n\n<p><\/p>\n\n\n\n<div class=\"wp-block-themepark-block-themepark-wright content-super-p\" style=\"font-size:12px;line-height:20px; border:1px #cccccc dotted;padding:10px 10px;\">\n<div class=\"wp-block-column\">\n<p>Fragen: Gibt es Kontraindikationen f\u00fcr die hyperbare Sauerstofftherapie?<\/p>\n\n\n\n<p>Antworten: Personen mit Erk\u00e4ltungs- oder Grippesymptomen, Personen mit Schnupfen oder Mittelohrentz\u00fcndung sowie Schwangere sollten den Rat ihres Arztes befolgen, die Sauerstoffkammer zu benutzen.<\/p>\n<\/div>\n<\/div>\n\n\n\n<p><\/p>\n\n\n\n<div class=\"wp-block-themepark-block-themepark-wright content-super-p\" style=\"font-size:12px;line-height:20px; border:1px #cccccc dotted;padding:10px 10px;\">\n<div class=\"wp-block-column\">\n<p>Fragen: Gibt es Nebenwirkungen?<\/p>\n\n\n\n<p>Antworten: Die h\u00e4ufigste Nebenwirkung ist das Unbehagen in den Ohren, das durch Druckver\u00e4nderungen verursacht wird. Um das Risiko zu minimieren, lernen die Patienten, ihre Ohren w\u00e4hrend der Druckbeaufschlagung ausreichend freizubekommen. Manche Patienten f\u00fchlen sich m\u00fcde und schwindelig, wenn sie zum ersten Mal eine \u00dcberdruckkammer benutzen. Das ist ein gutes Zeichen, denn die hyperbare Sauerstofftherapie beschleunigt den Stoffwechsel unseres K\u00f6rpers. Genauso wie man sich nach einem langen Lauf m\u00fcde f\u00fchlt. Das sind in der Regel gute Anzeichen, die auf eine Entgiftung hinweisen.<\/p>\n<\/div>\n<\/div>\n\n\n\n<p><\/p>\n\n\n\n<div class=\"wp-block-themepark-block-themepark-wright content-super-p\" style=\"font-size:12px;line-height:20px; border:1px #cccccc dotted;padding:10px 10px;\">\n<div class=\"wp-block-column\">\n<p>Fragen: Was ist mit der Sauerstofftoxizit\u00e4t?<\/p>\n\n\n\n<p>Antworten: Sauerstofftoxizit\u00e4t ist bei Dr\u00fccken unter 1,5 ATA kein Problem. Oft wird Stress f\u00e4lschlicherweise f\u00fcr Sauerstofftoxizit\u00e4t gehalten. Gelegentlich kann es Patienten geben, die empfindlicher auf Sauerstoff reagieren als andere, und die Dr\u00fccke m\u00fcssen m\u00f6glicherweise an die Bed\u00fcrfnisse des Patienten angepasst werden.<\/p>\n<\/div>\n<\/div>\n\n\n\n<p><\/p>\n\n\n\n<div class=\"wp-block-themepark-block-themepark-wright content-super-p\" style=\"font-size:12px;line-height:20px; border:1px #cccccc dotted;padding:10px 10px;\">\n<div class=\"wp-block-column\">\n<p>Fragen: Wie lange ist die allgemeine Garantiezeit f\u00fcr die Sauerstoffkammern von Macy Pan?<\/p>\n\n\n\n<p>Antworten: Ein Jahr Garantie und lebenslange Wartung. Wenn ein Qualit\u00e4tsproblem \/ Fehler im Material \/ Design unter korrektem Betrieb innerhalb eines Jahres, wenn leicht zu beheben, senden wir neue Komponenten kostenlos und f\u00fchren Sie, wie sie zu reparieren. Wenn es schwierig oder kompliziert zu reparieren ist, schicken wir Ihnen direkt und kostenlos eine neue Kammer oder Maschine. Auf diese Weise m\u00fcssen Sie die Maschinen nicht zur\u00fcckschicken, nur Video und Bilder sind f\u00fcr unsere Analyse ausreichend. (Versandkosten werden nicht \u00fcbernommen.)<\/p>\n<\/div>\n<\/div>\n\n\n\n<p><\/p>\n\n\n\n<div class=\"wp-block-themepark-block-themepark-wright content-super-p\" style=\"font-size:12px;line-height:20px; border:1px #cccccc dotted;padding:10px 10px;\">\n<div class=\"wp-block-column\">\n<p>Fragen: F\u00fcr wen ist die Verwendung der Sauerstoffkammer nicht zu empfehlen?<\/p>\n\n\n\n<p>Antworten: Schwangere Frauen, Menschen mit ansteckenden Krankheiten und schweren Erkrankungen. Betrunken. Menschen mit schweren Erk\u00e4ltungen. Patienten mit Herzschrittmachern. Patienten mit Rhinitis, Otitis media. Personen mit Bluthochdruck von mehr als 160\/110 mmHg. Patienten mit schwerem Emphysem.<\/p>\n<\/div>\n<\/div>\n<\/div>\n<\/div><div class=\"layout_badh\"><\/div><\/section>\n<\/div>\n<\/div>\n\n\n\n<div class=\"wp-block-themepark-block-themepark-wright content-super-p\" style=\"font-size:12px;line-height:20px;padding:1px 1px;\">\n<div class=\"wp-block-column\">\n<section class=\"wp-block-themepark-block-themepark-area block_layout thempark-block undefined\" id=\"\" style=\"background-color:#ffffff;padding-bottom:100px;padding-top:60px;\" data-swiper-parallax=\"-700\"><div class=\"block_layout_in\" style=\"\"><div class=\"post_in_list_head modle_title2\"><h3><span class=\"ez-toc-section\" id=\"PRODUCTCERTIFICATES\"><\/span><span style=\"color:#146ba2;font-size:16px;\" class=\"main-title\">PRODUKT<\/span><span style=\"color:#666666;font-size:16px;\" class=\"as-title\">ZERTIFIKATE<\/span><span class=\"ez-toc-section-end\"><\/span><\/h3><div class=\"title_boout\"><div class=\"title_bo\" style=\"border-bottom:1px solid #ccc;\"><\/div><\/div><\/div>\n<div class=\"wp-block-column block_layout_in\">\n<section class=\"wp-block-themepark-block-themepark-listul thempark-block list_ul_box_out  Effect0 undefined\" style=\"padding-bottom:10px;padding-top:20px;undefined\" swlist=\"5\" progresseffect=\"0\" autoplays=\"3\" line=\"1\" loops=\"no\"><div class=\"swiper-container showslidebox_out  listpadings showslidebox_full\"><div class=\"swiper-wrapper\"><div class=\"swiper-slide listul_box  xtpfms\" style=\"\"><a class=\"listul_box_img\" style=\"\"><div style=\"\" class=\"listulpic\"><img loading=\"lazy\" decoding=\"async\" class=\"swiper-lazy swiper-move-lazy lazyload\" data-src=\"https:\/\/www.macypanofficial.com\/wp-content\/uploads\/2024\/06\/xijie031.jpg\" src=\"https:\/\/www.macypanofficial.com\/wp-content\/themes\/smartenterprise\/images\/loading3.png\" alt=\"\" width=\"264\" height=\"373\"><\/div><\/a><\/div><div class=\"swiper-slide listul_box  xtpfms\" style=\"\"><a class=\"listul_box_img\" style=\"\"><div style=\"\" class=\"listulpic\"><img loading=\"lazy\" decoding=\"async\" class=\"swiper-lazy swiper-move-lazy lazyload\" data-src=\"https:\/\/www.macypanofficial.com\/wp-content\/uploads\/2024\/06\/xijiea032.jpg\" src=\"https:\/\/www.macypanofficial.com\/wp-content\/themes\/smartenterprise\/images\/loading3.png\" alt=\"\" width=\"264\" height=\"373\"><\/div><\/a><\/div><div class=\"swiper-slide listul_box  xtpfms\" style=\"\"><a class=\"listul_box_img\" style=\"\"><div style=\"\" class=\"listulpic\"><img loading=\"lazy\" decoding=\"async\" class=\"swiper-lazy swiper-move-lazy lazyload\" data-src=\"https:\/\/www.macypanofficial.com\/wp-content\/uploads\/2024\/06\/xijiea033.jpg\" src=\"https:\/\/www.macypanofficial.com\/wp-content\/themes\/smartenterprise\/images\/loading3.png\" alt=\"\" width=\"264\" height=\"373\"><\/div><\/a><\/div><div class=\"swiper-slide listul_box  xtpfms\" style=\"\"><a class=\"listul_box_img\" style=\"\"><div style=\"\" class=\"listulpic\"><img loading=\"lazy\" decoding=\"async\" class=\"swiper-lazy swiper-move-lazy lazyload\" data-src=\"https:\/\/www.macypanofficial.com\/wp-content\/uploads\/2024\/06\/xijie034.jpg\" src=\"https:\/\/www.macypanofficial.com\/wp-content\/themes\/smartenterprise\/images\/loading3.png\" alt=\"\" width=\"264\" height=\"373\"><\/div><\/a><\/div><div class=\"swiper-slide listul_box  xtpfms\" style=\"\"><a class=\"listul_box_img\" style=\"\"><div style=\"\" class=\"listulpic\"><img loading=\"lazy\" decoding=\"async\" class=\"swiper-lazy swiper-move-lazy lazyload\" data-src=\"https:\/\/www.macypanofficial.com\/wp-content\/uploads\/2024\/06\/xijiea034.jpg\" src=\"https:\/\/www.macypanofficial.com\/wp-content\/themes\/smartenterprise\/images\/loading3.png\" alt=\"\" width=\"264\" height=\"373\"><\/div><\/a><\/div><\/div><div class=\"pagination MovePnly\"><\/div><\/div><\/section>\n<\/div>\n<\/div><div class=\"layout_badh\"><\/div><\/section>\n<\/div>\n<\/div>","protected":false},"excerpt":{"rendered":"","protected":false},"author":1,"featured_media":2390,"parent":0,"menu_order":0,"comment_status":"open","ping_status":"closed","template":"","meta":{"themepark_post_bcolor":"#ffffff","themepark_post_width":"100%","themepark_post_img":"","themepark_post_img_po":"left","themepark_post_img_re":false,"themepark_post_img_cover":false,"themepark_post_img_fixed":false,"themepark_post_hide_title":true,"themepark_post_main_b":"","themepark_post_main_p":100,"themepark_paddingblock":true,"footnotes":""},"class_list":["post-2516","page","type-page","status-publish","has-post-thumbnail","hentry"],"_links":{"self":[{"href":"https:\/\/www.macypanofficial.com\/de\/wp-json\/wp\/v2\/pages\/2516","targetHints":{"allow":["GET"]}}],"collection":[{"href":"https:\/\/www.macypanofficial.com\/de\/wp-json\/wp\/v2\/pages"}],"about":[{"href":"https:\/\/www.macypanofficial.com\/de\/wp-json\/wp\/v2\/types\/page"}],"author":[{"embeddable":true,"href":"https:\/\/www.macypanofficial.com\/de\/wp-json\/wp\/v2\/users\/1"}],"replies":[{"embeddable":true,"href":"https:\/\/www.macypanofficial.com\/de\/wp-json\/wp\/v2\/comments?post=2516"}],"version-history":[{"count":1,"href":"https:\/\/www.macypanofficial.com\/de\/wp-json\/wp\/v2\/pages\/2516\/revisions"}],"predecessor-version":[{"id":7696,"href":"https:\/\/www.macypanofficial.com\/de\/wp-json\/wp\/v2\/pages\/2516\/revisions\/7696"}],"wp:featuredmedia":[{"embeddable":true,"href":"https:\/\/www.macypanofficial.com\/de\/wp-json\/wp\/v2\/media\/2390"}],"wp:attachment":[{"href":"https:\/\/www.macypanofficial.com\/de\/wp-json\/wp\/v2\/media?parent=2516"}],"curies":[{"name":"wp","href":"https:\/\/api.w.org\/{rel}","templated":true}]}}