{"id":5381,"date":"2024-09-10T14:02:44","date_gmt":"2024-09-10T06:02:44","guid":{"rendered":"https:\/\/eee.ceshi.xyz\/?page_id=5381"},"modified":"2025-10-20T16:00:49","modified_gmt":"2025-10-20T08:00:49","slug":"bewertungen","status":"publish","type":"page","link":"https:\/\/www.macypanofficial.com\/de\/bewertungen\/","title":{"rendered":"Bewertungen"},"content":{"rendered":"<div class=\"wp-block-themepark-block-themepark-wright content-super-p PcOnly\" style=\"font-size:12px;line-height:20px;padding:1px 1px;\">\n<div class=\"wp-block-column\">\n<section class=\"wp-block-themepark-block-themepark-area block_layout thempark-block undefined bom100 top100\" id=\"maxw\" style=\"padding-top:183px;height:600px;box-sizing: border-box;width: 100%;\" data-swiper-parallax=\"-700\"><div class=\"block_layout_in clomnsmal\" style=\"\">\n<div class=\"wp-block-column block_layout_in\"><\/div>\n<\/div><div class=\"layout_badh\"><div class=\"shizhezhao\" style=\"opacity:0.68;background-color:;\"><\/div><div class=\"PcOnly themepark-block_layout_ba lazyload swiper-lazy\" style=\"background-position:center;\" data-background=\"https:\/\/www.macypanofficial.com\/wp-content\/uploads\/2024\/06\/fenlei007.jpg\"><\/div><\/div><\/section>\n<\/div>\n<\/div>\n\n\n\n<section class=\"wp-block-themepark-block-themepark-area block_layout thempark-block MovePnly\" id=\"maxw\" style=\"\" data-swiper-parallax=\"-700\"><div class=\"block_layout_in\" style=\"\">\n<div class=\"wp-block-column block_layout_in\"><div class=\"wp-block-image\">\n<figure class=\"aligncenter size-full\"><img loading=\"lazy\" decoding=\"async\" width=\"768\" height=\"900\" src=\"https:\/\/www.macypanofficial.com\/wp-content\/uploads\/2024\/09\/bannera11-1.jpg\" alt=\"bannera11\" class=\"wp-image-5961\" srcset=\"https:\/\/www.macypanofficial.com\/wp-content\/uploads\/2024\/09\/bannera11-1.jpg 768w, https:\/\/www.macypanofficial.com\/wp-content\/uploads\/2024\/09\/bannera11-1-256x300.jpg 256w\" sizes=\"auto, (max-width: 768px) 100vw, 768px\" \/><\/figure>\n<\/div><\/div>\n<\/div><div class=\"layout_badh\"><\/div><\/section>\n\n\n\n<div class=\"wp-block-themepark-block-themepark-wright content-super-p MovePnly\" style=\"font-size:12px;line-height:20px;padding:50px 0px;\">\n<div class=\"wp-block-column\">\n<section class=\"wp-block-themepark-block-themepark-area block_layout thempark-block undefined\" id=\"\" style=\"\" data-swiper-parallax=\"-700\"><div class=\"block_layout_in\" style=\"\">\n<div class=\"wp-block-column\">\n<section class=\"wp-block-themepark-block-themepark-area block_layout thempark-block undefined bom10 top10 severs\" id=\"maxw\" style=\"background-color:#ffffff;padding-bottom:13px;padding-top:40px;\" data-swiper-parallax=\"-700\"><div class=\"block_layout_in\" style=\"\"><div class=\"post_in_list_head modle_title2\"><h3><span class=\"ez-toc-section\" id=\"MACYPANREVIEWS\"><\/span><span style=\"color:#666666;font-size:18px;\" class=\"main-title\">MACYPAN<\/span><span style=\"color:#239be0;font-size:18px;\" class=\"as-title\">REVIEWS<\/span><span class=\"ez-toc-section-end\"><\/span><\/h3><div class=\"title_boout\"><div class=\"title_bo\" style=\"border-bottom:1px solid #ccc;\"><\/div><\/div><font class=\"titletext\" style=\"color:#666666;font-size:12px;\"><span>SHANGHAI BAOBANG MEDICAL EQUIPMENT CO., LTD REVIEWS<\/span><\/font><\/div>\n<div class=\"wp-block-column block_layout_in\">\n<div class=\"wp-block-themepark-block-themepark-wright content-super-p\" style=\"font-size:16px;line-height:28px;color:#666666;background-color:#ffffff;padding:80px 15px;\">\n<div class=\"wp-block-column\">\n<section class=\"wp-block-themepark-block-themepark-history themepark-history-shuxiang  ybdms\"><div class=\"themepark-history_up\" style=\"border-left: 2px solid#24b6b1;\"><div class=\"history_box\"><div class=\"imgbox\"><img decoding=\"async\" class=\"show\" src=\"https:\/\/www.macypanofficial.com\/wp-content\/uploads\/2024\/09\/Nemanja-Majdo-reviews1.jpg\" alt=\"\"><\/div><b class=\"hi_title\" style=\"font-size:15px;color:#000000;\">Nemanja Majdo<\/b><div class=\"hi_text\" style=\"font-size:13px;color:#666666;\"><div class=\"ov\" style=\"height:100px;\"><span>Judo-Meister aus Serbien<\/span><span>\u2605\u2605\u2605\u2605\u2605<\/span><span>\"Nemanja Majdo ist der Judo-Champion aus Serbien. Bei den Judo-Europameisterschaften 2018 in Tel Aviv gewann er seine erste Medaille bei den Senioren und bedankte sich bei MACY-PAN daf\u00fcr, dass er sich schnell vom harten Training erholen konnte und wird auch weiterhin die weiche und harte \u00dcberdruckkammer von MACY-PAN nutzen.\"<\/span><\/div><div class=\"his_xian\" style=\"background:#24b6b1;\"><\/div><div class=\"his_quan\" style=\"background:#24b6b1;\"><div class=\"his_quan_in\" style=\"border: 1px solid #24b6b1;\"><\/div><\/div><\/div><\/div><div class=\"history_box\"><div class=\"imgbox\"><img decoding=\"async\" class=\"show\" src=\"https:\/\/www.macypanofficial.com\/wp-content\/uploads\/2024\/09\/Vite-Dragic-reviews1.jpg\" alt=\"\"><\/div><b class=\"hi_title\" style=\"font-size:15px;color:#000000;\">Vite Dragic<\/b><div class=\"hi_text\" style=\"font-size:13px;color:#666666;\"><div class=\"ov\" style=\"height:100px;\"><span>Judosportler aus Slowenien<\/span><span>\u2605\u2605\u2605\u2605\u2605<\/span><span>Als professioneller Athlet habe ich diese Kammer, um mir bei meiner Regeneration und Erholung zu helfen. Ich benutze sie seit 7 Tagen jeden Tag f\u00fcr 90 Minuten und die Ergebnisse sind erstaunlich, ich habe alles von Kraft, Geschwindigkeit und Ausdauer f\u00fcr 10% gesteigert, einfach erstaunlich.Danke f\u00fcr alles Macy-Pan!<\/span><\/div><div class=\"his_xian\" style=\"background:#24b6b1;\"><\/div><div class=\"his_quan\" style=\"background:#24b6b1;\"><div class=\"his_quan_in\" style=\"border: 1px solid #24b6b1;\"><\/div><\/div><\/div><\/div><div class=\"history_box\"><div class=\"imgbox\"><img decoding=\"async\" class=\"show\" src=\"https:\/\/www.macypanofficial.com\/wp-content\/uploads\/2024\/09\/Lorna-Brodie-reviews1.jpg\" alt=\"\"><\/div><b class=\"hi_title\" style=\"font-size:15px;color:#000000;\">Lorna Brodie<\/b><div class=\"hi_text\" style=\"font-size:13px;color:#666666;\"><div class=\"ov\" style=\"height:100px;\"><span>Aus den Vereinigten Staaten<\/span><span>\u2605\u2605\u2605\u2605\u2605<\/span><span>Mein Mann und ich sind so zufrieden mit unserer \u00dcberdruckkammer, dass wir dar\u00fcber nachdenken, eine weitere f\u00fcr unser Haus in Idaho zu kaufen, da wir sie fast jeden Tag benutzen und uns nicht mehr ohne sie vorstellen k\u00f6nnen. Wir wollen wahrscheinlich eine weitere Kammer, wie wir sie in unserem Haus in Kalifornien haben, aber ich war einfach neugierig auf die Sitzkammern und ob sie dieselben Vorteile bieten.<\/span><\/div><div class=\"his_xian\" style=\"background:#24b6b1;\"><\/div><div class=\"his_quan\" style=\"background:#24b6b1;\"><div class=\"his_quan_in\" style=\"border: 1px solid #24b6b1;\"><\/div><\/div><\/div><\/div><div class=\"history_box\"><div class=\"imgbox\"><img decoding=\"async\" class=\"show\" src=\"https:\/\/www.macypanofficial.com\/wp-content\/uploads\/2024\/09\/Janez-Cerk-review.jpg\" alt=\"\"><\/div><b class=\"hi_title\" style=\"font-size:15px;color:#000000;\">Janez Cerk<\/b><div class=\"hi_text\" style=\"font-size:13px;color:#666666;\"><div class=\"ov\" style=\"height:100px;\"><span>aus Slowenien<\/span><span>\u2605\u2605\u2605\u2605\u2605<\/span><span>Ich bin sehr zufrieden mit Ihrer Kammer. Meine Frau und ich haben sie jeden Tag benutzt.<\/span><span>Ich habe eine Frage an Sie. Ist es m\u00f6glich, Ihre Kammer auf Klasse zu aktualisieren<\/span><span>Ich habe ein Jahr als Hyperbar-Operateur gearbeitet und habe Erfahrung mit HBOT<\/span><\/div><div class=\"his_xian\" style=\"background:#24b6b1;\"><\/div><div class=\"his_quan\" style=\"background:#24b6b1;\"><div class=\"his_quan_in\" style=\"border: 1px solid #24b6b1;\"><\/div><\/div><\/div><\/div><div class=\"history_box\"><div class=\"imgbox\"><img decoding=\"async\" class=\"show\" src=\"https:\/\/www.macypanofficial.com\/wp-content\/uploads\/2024\/09\/Natalie-Good-review.jpg\" alt=\"\"><\/div><b class=\"hi_title\" style=\"font-size:15px;color:#000000;\">Natalie Gut<\/b><div class=\"hi_text\" style=\"font-size:13px;color:#666666;\"><div class=\"ov\" style=\"height:100px;\"><span>Weltmeister im Universit\u00e4tsskifahren<\/span><span>\u2605\u2605\u2605\u2605\u2605<\/span><span>Wir freuen uns, Natalie Good in der \u00dcberdruckkammer zu haben - Nats ist die erste und einzige Neuseel\u00e4nderin, die bei den World University Games eine Goldmedaille gewonnen hat, als sie in Trentino in Italien den Slope Style gewann. Nats ist gerade von ihrer \u00fcberaus erfolgreichen Europareise zur\u00fcckgekehrt.<\/span><\/div><div class=\"his_xian\" style=\"background:#24b6b1;\"><\/div><div class=\"his_quan\" style=\"background:#24b6b1;\"><div class=\"his_quan_in\" style=\"border: 1px solid #24b6b1;\"><\/div><\/div><\/div><\/div><div class=\"history_box\"><div class=\"imgbox\"><img decoding=\"async\" class=\"show\" src=\"https:\/\/www.macypanofficial.com\/wp-content\/uploads\/2024\/09\/GabrielVargas-review.jpg\" alt=\"\"><\/div><b class=\"hi_title\" style=\"font-size:15px;color:#000000;\">GabrielVargas<\/b><div class=\"hi_text\" style=\"font-size:13px;color:#666666;\"><div class=\"ov\" style=\"height:100px;\"><span>Fu\u00dfballStarinChile<\/span><span>\u2605\u2605\u2605\u2605\u2605<\/span><span>Gabriel nimmt die Kammer mit, besonders bei Ausw\u00e4rtsspielen.<\/span><span>Er hat 2 s\u00fc\u00dfe Kinder, und seine Frau Nichole macht jeden Tag zu Hause den Hbot.<\/span><\/div><div class=\"his_xian\" style=\"background:#24b6b1;\"><\/div><div class=\"his_quan\" style=\"background:#24b6b1;\"><div class=\"his_quan_in\" style=\"border: 1px solid #24b6b1;\"><\/div><\/div><\/div><\/div><div class=\"wp_clear\"><\/div><\/div><div class=\"wp_clear\"><\/div><\/section>\n\n\n\n<p><\/p>\n\n\n\n<p><\/p>\n<\/div>\n<\/div>\n<\/div>\n<\/div><div class=\"layout_badh\"><\/div><\/section>\n<\/div>\n<\/div><div class=\"layout_badh\"><\/div><\/section>\n<\/div>\n<\/div>\n\n\n\n<div class=\"wp-block-themepark-block-themepark-wright content-super-p PcOnly\" style=\"font-size:12px;line-height:20px;\">\n<div class=\"wp-block-column\">\n<section class=\"wp-block-themepark-block-themepark-area block_layout thempark-block undefined\" id=\"\" style=\"\" data-swiper-parallax=\"-700\"><div class=\"block_layout_in\" style=\"\">\n<div class=\"wp-block-column\">\n<section class=\"wp-block-themepark-block-themepark-area block_layout thempark-block undefined bom10 top10 severs\" id=\"maxw\" style=\"background-color:#ffffff;padding-bottom:13px;padding-top:50px;\" data-swiper-parallax=\"-700\"><div class=\"block_layout_in\" style=\"\"><div class=\"post_in_list_head modle_title2\"><h3><span class=\"ez-toc-section\" id=\"MACYPANREVIEWS-2\"><\/span><span style=\"color:#666666;\" class=\"main-title has-medium-font-size\">MACYPAN<\/span><span style=\"color:#239be0;\" class=\"as-title has-medium-font-size\">REVIEWS<\/span><span class=\"ez-toc-section-end\"><\/span><\/h3><div class=\"title_boout\"><div class=\"title_bo\" style=\"border-bottom:1px solid #ccc;\"><\/div><\/div><font class=\"titletext\" style=\"color:#666666;font-size:14px;\"><span>SHANGHAI BAOBANG MEDICAL EQUIPMENT CO., LTD REVIEWS<\/span><\/font><\/div>\n<div class=\"wp-block-column block_layout_in\">\n<div class=\"wp-block-themepark-block-themepark-wright content-super-p\" style=\"font-size:16px;line-height:28px;color:#666666;background-color:#ffffff;padding:80px 15px;\">\n<div class=\"wp-block-column\">\n<section class=\"wp-block-themepark-block-themepark-history themepark-history-shuxiang  ybdms\"><div class=\"themepark-history_up\" style=\"border-left: 2px solid#24b6b1;\"><div class=\"history_box\"><div class=\"imgbox\"><img decoding=\"async\" class=\"show\" src=\"https:\/\/www.macypanofficial.com\/wp-content\/uploads\/2024\/09\/Nemanja-Majdo-reviews1.jpg\" alt=\"\"><\/div><b class=\"hi_title\" style=\"font-size:24px;color:#000000;\">Nemanja Majdo<\/b><div class=\"hi_text\" style=\"font-size:15px;color:#666666;\"><div class=\"ov\" style=\"height:100px;\"><span>Judo-Meister aus Serbien<\/span><span>\u2605\u2605\u2605\u2605\u2605<\/span><span>\"Nemanja Majdo ist der Judo-Champion aus Serbien. Bei den Judo-Europameisterschaften 2018 in Tel Aviv gewann er seine erste Medaille bei den Senioren und bedankte sich bei MACY-PAN daf\u00fcr, dass er sich schnell vom harten Training erholen konnte und wird auch weiterhin die weiche und harte \u00dcberdruckkammer von MACY-PAN nutzen.\"<\/span><\/div><div class=\"his_xian\" style=\"background:#24b6b1;\"><\/div><div class=\"his_quan\" style=\"background:#24b6b1;\"><div class=\"his_quan_in\" style=\"border: 1px solid #24b6b1;\"><\/div><\/div><\/div><\/div><div class=\"history_box\"><div class=\"imgbox\"><img decoding=\"async\" class=\"show\" src=\"https:\/\/www.macypanofficial.com\/wp-content\/uploads\/2024\/09\/Vite-Dragic-reviews1.jpg\" alt=\"\"><\/div><b class=\"hi_title\" style=\"font-size:24px;color:#000000;\">Vite Dragic<\/b><div class=\"hi_text\" style=\"font-size:15px;color:#666666;\"><div class=\"ov\" style=\"height:100px;\"><span>Judosportler aus Slowenien<\/span><span>\u2605\u2605\u2605\u2605\u2605<\/span><span>Als professioneller Athlet habe ich diese Kammer, um mir bei meiner Regeneration und Erholung zu helfen. Ich benutze sie seit 7 Tagen jeden Tag f\u00fcr 90 Minuten und die Ergebnisse sind erstaunlich, ich habe alles von Kraft, Geschwindigkeit und Ausdauer f\u00fcr 10% gesteigert, einfach erstaunlich.Danke f\u00fcr alles Macy-Pan!<\/span><\/div><div class=\"his_xian\" style=\"background:#24b6b1;\"><\/div><div class=\"his_quan\" style=\"background:#24b6b1;\"><div class=\"his_quan_in\" style=\"border: 1px solid #24b6b1;\"><\/div><\/div><\/div><\/div><div class=\"history_box\"><div class=\"imgbox\"><img decoding=\"async\" class=\"show\" src=\"https:\/\/www.macypanofficial.com\/wp-content\/uploads\/2024\/09\/Lorna-Brodie-reviews1.jpg\" alt=\"\"><\/div><b class=\"hi_title\" style=\"font-size:24px;color:#000000;\">Lorna Brodie<\/b><div class=\"hi_text\" style=\"font-size:15px;color:#666666;\"><div class=\"ov\" style=\"height:100px;\"><span>Aus den Vereinigten Staaten<\/span><span>\u2605\u2605\u2605\u2605\u2605<\/span><span>Mein Mann und ich sind so zufrieden mit unserer \u00dcberdruckkammer, dass wir dar\u00fcber nachdenken, eine weitere f\u00fcr unser Haus in Idaho zu kaufen, da wir sie fast jeden Tag benutzen und uns nicht mehr ohne sie vorstellen k\u00f6nnen. Wir wollen wahrscheinlich eine weitere Kammer, wie wir sie in unserem Haus in Kalifornien haben, aber ich war einfach neugierig auf die Sitzkammern und ob sie dieselben Vorteile bieten.<\/span><\/div><div class=\"his_xian\" style=\"background:#24b6b1;\"><\/div><div class=\"his_quan\" style=\"background:#24b6b1;\"><div class=\"his_quan_in\" style=\"border: 1px solid #24b6b1;\"><\/div><\/div><\/div><\/div><div class=\"history_box\"><div class=\"imgbox\"><img decoding=\"async\" class=\"show\" src=\"https:\/\/www.macypanofficial.com\/wp-content\/uploads\/2024\/09\/Janez-Cerk-review.jpg\" alt=\"\"><\/div><b class=\"hi_title\" style=\"font-size:24px;color:#000000;\">Janez Cerk<\/b><div class=\"hi_text\" style=\"font-size:15px;color:#666666;\"><div class=\"ov\" style=\"height:100px;\"><span>aus Slowenien<\/span><span>\u2605\u2605\u2605\u2605\u2605<\/span><span>Ich bin sehr zufrieden mit Ihrer Kammer. Meine Frau und ich haben sie jeden Tag benutzt.<\/span><span>Ich habe eine Frage an Sie. Ist es m\u00f6glich, Ihre Kammer auf Klasse zu aktualisieren<\/span><span>Ich habe ein Jahr als Hyperbar-Operateur gearbeitet und habe Erfahrung mit HBOT<\/span><\/div><div class=\"his_xian\" style=\"background:#24b6b1;\"><\/div><div class=\"his_quan\" style=\"background:#24b6b1;\"><div class=\"his_quan_in\" style=\"border: 1px solid #24b6b1;\"><\/div><\/div><\/div><\/div><div class=\"history_box\"><div class=\"imgbox\"><img decoding=\"async\" class=\"show\" src=\"https:\/\/www.macypanofficial.com\/wp-content\/uploads\/2024\/09\/Natalie-Good-review.jpg\" alt=\"\"><\/div><b class=\"hi_title\" style=\"font-size:24px;color:#000000;\">Natalie Gut<\/b><div class=\"hi_text\" style=\"font-size:15px;color:#666666;\"><div class=\"ov\" style=\"height:100px;\"><span>Weltmeister im Universit\u00e4tsskifahren<\/span><span>\u2605\u2605\u2605\u2605\u2605<\/span><span>Wir freuen uns, Natalie Good in der \u00dcberdruckkammer zu haben - Nats ist die erste und einzige Neuseel\u00e4nderin, die bei den World University Games eine Goldmedaille gewonnen hat, als sie in Trentino in Italien den Slope Style gewann. Nats ist gerade von ihrer \u00fcberaus erfolgreichen Europareise zur\u00fcckgekehrt.<\/span><\/div><div class=\"his_xian\" style=\"background:#24b6b1;\"><\/div><div class=\"his_quan\" style=\"background:#24b6b1;\"><div class=\"his_quan_in\" style=\"border: 1px solid #24b6b1;\"><\/div><\/div><\/div><\/div><div class=\"history_box\"><div class=\"imgbox\"><img decoding=\"async\" class=\"show\" src=\"https:\/\/www.macypanofficial.com\/wp-content\/uploads\/2024\/09\/GabrielVargas-review.jpg\" alt=\"\"><\/div><b class=\"hi_title\" style=\"font-size:24px;color:#000000;\">GabrielVargas<\/b><div class=\"hi_text\" style=\"font-size:15px;color:#666666;\"><div class=\"ov\" style=\"height:100px;\"><span>Fu\u00dfballStarinChile<\/span><span>\u2605\u2605\u2605\u2605\u2605<\/span><span>Gabriel nimmt die Kammer mit, besonders bei Ausw\u00e4rtsspielen.<\/span><span>Er hat 2 s\u00fc\u00dfe Kinder, und seine Frau Nichole macht jeden Tag zu Hause den Hbot.<\/span><\/div><div class=\"his_xian\" style=\"background:#24b6b1;\"><\/div><div class=\"his_quan\" style=\"background:#24b6b1;\"><div class=\"his_quan_in\" style=\"border: 1px solid #24b6b1;\"><\/div><\/div><\/div><\/div><div class=\"wp_clear\"><\/div><\/div><div class=\"wp_clear\"><\/div><\/section>\n\n\n\n<p><\/p>\n\n\n\n<p><\/p>\n<\/div>\n<\/div>\n<\/div>\n<\/div><div class=\"layout_badh\"><\/div><\/section>\n<\/div>\n<\/div><div class=\"layout_badh\"><\/div><\/section>\n<\/div>\n<\/div>","protected":false},"excerpt":{"rendered":"","protected":false},"author":1,"featured_media":5961,"parent":0,"menu_order":0,"comment_status":"open","ping_status":"closed","template":"","meta":{"themepark_post_bcolor":"#f5f5f5","themepark_post_width":"100% dong","themepark_post_img":"","themepark_post_img_po":"left","themepark_post_img_re":false,"themepark_post_img_cover":false,"themepark_post_img_fixed":false,"themepark_post_hide_title":true,"themepark_post_main_b":"#ffffff","themepark_post_main_p":100,"themepark_paddingblock":true,"footnotes":""},"class_list":["post-5381","page","type-page","status-publish","has-post-thumbnail","hentry"],"_links":{"self":[{"href":"https:\/\/www.macypanofficial.com\/de\/wp-json\/wp\/v2\/pages\/5381","targetHints":{"allow":["GET"]}}],"collection":[{"href":"https:\/\/www.macypanofficial.com\/de\/wp-json\/wp\/v2\/pages"}],"about":[{"href":"https:\/\/www.macypanofficial.com\/de\/wp-json\/wp\/v2\/types\/page"}],"author":[{"embeddable":true,"href":"https:\/\/www.macypanofficial.com\/de\/wp-json\/wp\/v2\/users\/1"}],"replies":[{"embeddable":true,"href":"https:\/\/www.macypanofficial.com\/de\/wp-json\/wp\/v2\/comments?post=5381"}],"version-history":[{"count":2,"href":"https:\/\/www.macypanofficial.com\/de\/wp-json\/wp\/v2\/pages\/5381\/revisions"}],"predecessor-version":[{"id":7701,"href":"https:\/\/www.macypanofficial.com\/de\/wp-json\/wp\/v2\/pages\/5381\/revisions\/7701"}],"wp:featuredmedia":[{"embeddable":true,"href":"https:\/\/www.macypanofficial.com\/de\/wp-json\/wp\/v2\/media\/5961"}],"wp:attachment":[{"href":"https:\/\/www.macypanofficial.com\/de\/wp-json\/wp\/v2\/media?parent=5381"}],"curies":[{"name":"wp","href":"https:\/\/api.w.org\/{rel}","templated":true}]}}