{"id":2516,"date":"2024-06-27T11:49:27","date_gmt":"2024-06-27T03:49:27","guid":{"rendered":"https:\/\/eee.ceshi.xyz\/?page_id=2516"},"modified":"2025-10-20T15:59:50","modified_gmt":"2025-10-20T07:59:50","slug":"faq","status":"publish","type":"page","link":"https:\/\/www.macypanofficial.com\/es\/faq\/","title":{"rendered":"PREGUNTAS FRECUENTES"},"content":{"rendered":"<div class=\"wp-block-themepark-block-themepark-wright content-super-p PcOnly\" style=\"font-size:12px;line-height:20px;padding:0px 1px;\">\n<div class=\"wp-block-column\">\n<section class=\"wp-block-themepark-block-themepark-area block_layout thempark-block undefined bom100 top100\" id=\"maxw\" style=\"padding-top:168px;height:600px;box-sizing: border-box;width: 100%;\" data-swiper-parallax=\"-700\"><div class=\"block_layout_in clomnsmal\" style=\"\">\n<div class=\"wp-block-column block_layout_in\">\n<h2 class=\"wp-block-heading has-text-align-center has-monte-white-color has-text-color has-large-font-size\" style=\"letter-spacing:5px\"><span class=\"ez-toc-section\" id=\"MACYPAN_FAQ\"><\/span><span style=\"color: rgb(209, 213, 219); font-family: S\u00f6hne, ui-sans-serif, system-ui, -apple-system, &quot;Segoe UI&quot;, Roboto, Ubuntu, Cantarell, &quot;Noto Sans&quot;, sans-serif, &quot;Helvetica Neue&quot;, Arial, &quot;Apple Color Emoji&quot;, &quot;Segoe UI Emoji&quot;, &quot;Segoe UI Symbol&quot;, &quot;Noto Color Emoji&quot;; font-size: 16px; font-style: normal; font-variant-ligatures: normal; font-variant-caps: normal; font-weight: 400; letter-spacing: normal; orphans: 2; text-align: left; text-indent: 0px; text-transform: none; widows: 2; word-spacing: 0px; -webkit-text-stroke-width: 0px; white-space: pre-wrap; background-color: rgb(68, 70, 84); text-decoration-thickness: initial; text-decoration-style: initial; text-decoration-color: initial; display: inline !important; float: none;\"><\/span>MACYPAN FAQ<span class=\"ez-toc-section-end\"><\/span><\/h2>\n\n\n\n<p class=\"has-text-align-center has-monte-white-color has-text-color has-normal-font-size\" style=\"text-transform:uppercase\"><\/p>\n<\/div>\n<\/div><div class=\"layout_badh\"><div class=\"shizhezhao\" style=\"opacity:0.68;background-color:;\"><\/div><div class=\"PcOnly themepark-block_layout_ba lazyload swiper-lazy\" style=\"background-position:center;\" data-background=\"https:\/\/www.macypanofficial.com\/wp-content\/uploads\/2024\/06\/fenlei02.jpg\"><\/div><\/div><\/section>\n<\/div>\n<\/div>\n\n\n\n<div class=\"wp-block-themepark-block-themepark-wright content-super-p MovePnly\" style=\"font-size:12px;line-height:20px;padding:0px 1px;\">\n<div class=\"wp-block-column\">\n<section class=\"wp-block-themepark-block-themepark-area block_layout thempark-block undefined bom100 top100\" id=\"maxw\" style=\"padding-top:168px;height:600px;box-sizing: border-box;width: 100%;\" data-swiper-parallax=\"-700\"><div class=\"block_layout_in clomnsmal\" style=\"\">\n<div class=\"wp-block-column block_layout_in\">\n<h2 class=\"wp-block-heading has-text-align-center has-monte-white-color has-text-color has-large-font-size\" style=\"letter-spacing:5px\"><span class=\"ez-toc-section\" id=\"MACYPAN_FAQ-2\"><\/span><span style=\"color: rgb(209, 213, 219); font-family: S\u00f6hne, ui-sans-serif, system-ui, -apple-system, &quot;Segoe UI&quot;, Roboto, Ubuntu, Cantarell, &quot;Noto Sans&quot;, sans-serif, &quot;Helvetica Neue&quot;, Arial, &quot;Apple Color Emoji&quot;, &quot;Segoe UI Emoji&quot;, &quot;Segoe UI Symbol&quot;, &quot;Noto Color Emoji&quot;; font-size: 16px; font-style: normal; font-variant-ligatures: normal; font-variant-caps: normal; font-weight: 400; letter-spacing: normal; orphans: 2; text-align: left; text-indent: 0px; text-transform: none; widows: 2; word-spacing: 0px; -webkit-text-stroke-width: 0px; white-space: pre-wrap; background-color: rgb(68, 70, 84); text-decoration-thickness: initial; text-decoration-style: initial; text-decoration-color: initial; display: inline !important; float: none;\"><\/span><mark style=\"background-color:rgba(0, 0, 0, 0);color:#f1f1f1\" class=\"has-inline-color\">MACYPAN <\/mark><mark style=\"background-color:rgba(0, 0, 0, 0)\" class=\"has-inline-color has-monte-white-color\">PREGUNTAS FRECUENTES<\/mark><span class=\"ez-toc-section-end\"><\/span><\/h2>\n\n\n\n<p class=\"has-text-align-center has-monte-white-color has-text-color has-normal-font-size\" style=\"text-transform:uppercase\"><\/p>\n<\/div>\n<\/div><div class=\"layout_badh\"><div class=\"shizhezhao\" style=\"opacity:0.44;background-color:#000000;\"><\/div><div class=\"MovePnly themepark-block_layout_ba lazyload swiper-move-lazy\" style=\"background-repeat:no-repeat;background-size:cover;background-position:center;\" data-background=\"https:\/\/www.macypanofficial.com\/wp-content\/uploads\/2024\/06\/fenlei02.jpg\"><\/div><\/div><\/section>\n<\/div>\n<\/div>\n\n\n\n<div class=\"wp-block-themepark-block-themepark-wright content-super-p\" style=\"font-size:12px;line-height:20px;padding:1px 1px;\">\n<div class=\"wp-block-column\">\n<section class=\"wp-block-themepark-block-themepark-area block_layout thempark-block undefined\" id=\"\" style=\"background-color:#ffffff;padding-bottom:50px;padding-top:60px;\" data-swiper-parallax=\"-700\"><div class=\"block_layout_in\" style=\"\"><div class=\"post_in_list_head modle_title2\"><h3><span class=\"ez-toc-section\" id=\"FACTORYSHOW\"><\/span><span style=\"color:#146ba2;font-size:16px;\" class=\"main-title\">F\u00c1BRICA<\/span><span style=\"color:#666666;font-size:16px;\" class=\"as-title\">VER<\/span><span class=\"ez-toc-section-end\"><\/span><\/h3><div class=\"title_boout\"><div class=\"title_bo\" style=\"border-bottom:1px solid #ccc;\"><\/div><\/div><\/div>\n<div class=\"wp-block-column block_layout_in\">\n<section class=\"wp-block-themepark-block-themepark-listul thempark-block list_ul_box_out  Effect0\" style=\"padding-bottom:10px;padding-top:20px;undefined\" swlist=\"5\" progresseffect=\"0\" autoplays=\"3\" line=\"1\" loops=\"no\"><div class=\"swiper-container showslidebox_out  listpadings showslidebox_full\"><div class=\"swiper-wrapper\"><div class=\"swiper-slide listul_box  xtpfms\" style=\"\"><a class=\"listul_box_img\" style=\"\"><div style=\"\" class=\"listulpic\"><img loading=\"lazy\" decoding=\"async\" class=\"swiper-lazy swiper-move-lazy lazyload\" data-src=\"https:\/\/www.macypanofficial.com\/wp-content\/uploads\/2024\/06\/xijie027.jpg\" src=\"https:\/\/www.macypanofficial.com\/wp-content\/themes\/smartenterprise\/images\/loading3.png\" alt=\"\" width=\"264\" height=\"140\"><\/div><\/a><\/div><div class=\"swiper-slide listul_box  xtpfms\" style=\"\"><a class=\"listul_box_img\" style=\"\"><div style=\"\" class=\"listulpic\"><img loading=\"lazy\" decoding=\"async\" class=\"swiper-lazy swiper-move-lazy lazyload\" data-src=\"https:\/\/www.macypanofficial.com\/wp-content\/uploads\/2024\/06\/xijie028.jpg\" src=\"https:\/\/www.macypanofficial.com\/wp-content\/themes\/smartenterprise\/images\/loading3.png\" alt=\"\" width=\"264\" height=\"140\"><\/div><\/a><\/div><div class=\"swiper-slide listul_box  xtpfms\" style=\"\"><a class=\"listul_box_img\" style=\"\"><div style=\"\" class=\"listulpic\"><img loading=\"lazy\" decoding=\"async\" class=\"swiper-lazy swiper-move-lazy lazyload\" data-src=\"https:\/\/www.macypanofficial.com\/wp-content\/uploads\/2024\/06\/xijie029.jpg\" src=\"https:\/\/www.macypanofficial.com\/wp-content\/themes\/smartenterprise\/images\/loading3.png\" alt=\"\" width=\"264\" height=\"140\"><\/div><\/a><\/div><div class=\"swiper-slide listul_box  xtpfms\" style=\"\"><a class=\"listul_box_img\" style=\"\"><div style=\"\" class=\"listulpic\"><img loading=\"lazy\" decoding=\"async\" class=\"swiper-lazy swiper-move-lazy lazyload\" data-src=\"https:\/\/www.macypanofficial.com\/wp-content\/uploads\/2024\/06\/xijie030.jpg\" src=\"https:\/\/www.macypanofficial.com\/wp-content\/themes\/smartenterprise\/images\/loading3.png\" alt=\"\" width=\"264\" height=\"140\"><\/div><\/a><\/div><div class=\"swiper-slide listul_box  xtpfms\" style=\"\"><a class=\"listul_box_img\" style=\"\"><div style=\"\" class=\"listulpic\"><img loading=\"lazy\" decoding=\"async\" class=\"swiper-lazy swiper-move-lazy lazyload\" data-src=\"https:\/\/www.macypanofficial.com\/wp-content\/uploads\/2024\/06\/xijiea039.jpg\" src=\"https:\/\/www.macypanofficial.com\/wp-content\/themes\/smartenterprise\/images\/loading3.png\" alt=\"\" width=\"264\" height=\"140\"><\/div><\/a><\/div><\/div><div class=\"pagination MovePnly\"><\/div><\/div><\/section>\n\n\n\n<section class=\"wp-block-themepark-block-themepark-listul thempark-block list_ul_box_out  Effect0\" style=\"padding-bottom:10px;padding-top:20px;undefined\" swlist=\"5\" progresseffect=\"0\" autoplays=\"3\" line=\"1\" loops=\"no\"><div class=\"swiper-container showslidebox_out  listpadings showslidebox_full\"><div class=\"swiper-wrapper\"><div class=\"swiper-slide listul_box  xtpfms\" style=\"\"><a class=\"listul_box_img\" style=\"\"><div style=\"\" class=\"listulpic\"><img loading=\"lazy\" decoding=\"async\" class=\"swiper-lazy swiper-move-lazy lazyload\" data-src=\"https:\/\/www.macypanofficial.com\/wp-content\/uploads\/2024\/06\/xijiea040.jpg\" src=\"https:\/\/www.macypanofficial.com\/wp-content\/themes\/smartenterprise\/images\/loading3.png\" alt=\"\" width=\"264\" height=\"140\"><\/div><\/a><\/div><div class=\"swiper-slide listul_box  xtpfms\" style=\"\"><a class=\"listul_box_img\" style=\"\"><div style=\"\" class=\"listulpic\"><img loading=\"lazy\" decoding=\"async\" class=\"swiper-lazy swiper-move-lazy lazyload\" data-src=\"https:\/\/www.macypanofficial.com\/wp-content\/uploads\/2024\/06\/xijiea035.jpg\" src=\"https:\/\/www.macypanofficial.com\/wp-content\/themes\/smartenterprise\/images\/loading3.png\" alt=\"\" width=\"264\" height=\"140\"><\/div><\/a><\/div><div class=\"swiper-slide listul_box  xtpfms\" style=\"\"><a class=\"listul_box_img\" style=\"\"><div style=\"\" class=\"listulpic\"><img loading=\"lazy\" decoding=\"async\" class=\"swiper-lazy swiper-move-lazy lazyload\" data-src=\"https:\/\/www.macypanofficial.com\/wp-content\/uploads\/2024\/06\/xijiea037.jpg\" src=\"https:\/\/www.macypanofficial.com\/wp-content\/themes\/smartenterprise\/images\/loading3.png\" alt=\"\" width=\"264\" height=\"140\"><\/div><\/a><\/div><div class=\"swiper-slide listul_box  xtpfms\" style=\"\"><a class=\"listul_box_img\" style=\"\"><div style=\"\" class=\"listulpic\"><img loading=\"lazy\" decoding=\"async\" class=\"swiper-lazy swiper-move-lazy lazyload\" data-src=\"https:\/\/www.macypanofficial.com\/wp-content\/uploads\/2024\/06\/xijiea036.jpg\" src=\"https:\/\/www.macypanofficial.com\/wp-content\/themes\/smartenterprise\/images\/loading3.png\" alt=\"\" width=\"264\" height=\"140\"><\/div><\/a><\/div><div class=\"swiper-slide listul_box  xtpfms\" style=\"\"><a class=\"listul_box_img\" style=\"\"><div style=\"\" class=\"listulpic\"><img loading=\"lazy\" decoding=\"async\" class=\"swiper-lazy swiper-move-lazy lazyload\" data-src=\"https:\/\/www.macypanofficial.com\/wp-content\/uploads\/2024\/06\/xijiea038.jpg\" src=\"https:\/\/www.macypanofficial.com\/wp-content\/themes\/smartenterprise\/images\/loading3.png\" alt=\"\" width=\"264\" height=\"140\"><\/div><\/a><\/div><\/div><div class=\"pagination MovePnly\"><\/div><\/div><\/section>\n<\/div>\n<\/div><div class=\"layout_badh\"><\/div><\/section>\n<\/div>\n<\/div>\n\n\n\n<div class=\"wp-block-themepark-block-themepark-wright content-super-p\" style=\"font-size:12px;line-height:20px;\">\n<div class=\"wp-block-column\">\n<section class=\"wp-block-themepark-block-themepark-area block_layout thempark-block undefined\" id=\"\" style=\"\" data-swiper-parallax=\"-700\"><div class=\"block_layout_in\" style=\"\"><div class=\"post_in_list_head modle_title2\"><h3><span class=\"ez-toc-section\" id=\"MACYPANFAQ\"><\/span><span style=\"color:#146ba2;font-size:16px;\" class=\"main-title\">MACYPAN<\/span><span style=\"color:#666666;font-size:16px;\" class=\"as-title\">PREGUNTAS FRECUENTES<\/span><span class=\"ez-toc-section-end\"><\/span><\/h3><div class=\"title_boout\"><div class=\"title_bo\" style=\"border-bottom:1px solid #eaeaea;\"><\/div><\/div><\/div>\n<div class=\"wp-block-column block_layout_in\">\n<div class=\"wp-block-themepark-block-themepark-wright content-super-p\" style=\"font-size:12px;line-height:20px;padding:10px 10px;\">\n<div class=\"wp-block-column\"><\/div>\n<\/div>\n\n\n\n<div class=\"wp-block-themepark-block-themepark-wright content-super-p\" style=\"font-size:12px;line-height:20px; border:1px #cccccc dotted;padding:10px 10px;\">\n<div class=\"wp-block-column\">\n<p>Preguntas: \u00bfQu\u00e9 incluye el precio est\u00e1ndar de la c\u00e1mara hiperb\u00e1rica de ox\u00edgeno Macy Pan?<\/p>\n\n\n\n<p>Respuestas: El precio incluye la c\u00e1psula\/cabina de la c\u00e1mara, el concentrador de ox\u00edgeno, el compresor de aire, el refrigerador de aire y todos los componentes del sistema. NO necesita comprar\/preparar nada m\u00e1s.<\/p>\n<\/div>\n<\/div>\n\n\n\n<p><\/p>\n\n\n\n<div class=\"wp-block-themepark-block-themepark-wright content-super-p\" style=\"font-size:12px;line-height:20px; border:1px #cccccc dotted;padding:10px 10px;\">\n<div class=\"wp-block-column\">\n<p>Preguntas: Durante el uso de esta c\u00e1mara hiperb\u00e1rica, \u00bfes necesario que alg\u00fan t\u00e9cnico o m\u00e9dico la controle?<\/p>\n\n\n\n<p>Respuestas: No. Nuestras c\u00e1maras son f\u00e1ciles y seguras de manejar por s\u00ed solas, sin necesidad de ayuda de otras personas. Cualquier persona con estudios medios puede instalar y manejar la c\u00e1mara siempre que lea el manual de usuario y el v\u00eddeo de funcionamiento. Proporcionamos a los clientes formaci\u00f3n en l\u00ednea. Tambi\u00e9n est\u00e1 disponible la charla presencial.<\/p>\n<\/div>\n<\/div>\n\n\n\n<p><\/p>\n\n\n\n<div class=\"wp-block-themepark-block-themepark-wright content-super-p\" style=\"font-size:12px;line-height:20px; border:1px #cccccc dotted;padding:10px 10px;\">\n<div class=\"wp-block-column\">\n<p>Preguntas: \u00bfQu\u00e9 debo hacer para prepararme para un tratamiento?<\/p>\n\n\n\n<p>Respuestas: La gente puede entrar en la c\u00e1mara completamente vestida. Se recomienda llevar ropa c\u00f3moda y holgada. Hay que quitarse los zapatos, las joyas o cualquier objeto punzante antes de entrar en la c\u00e1mara. Se recomienda que las mujeres no lleven medias en la c\u00e1mara, porque puede provocar sensaci\u00f3n de claustrofobia.<\/p>\n<\/div>\n<\/div>\n\n\n\n<p><\/p>\n\n\n\n<div class=\"wp-block-themepark-block-themepark-wright content-super-p\" style=\"font-size:12px;line-height:20px; border:1px #cccccc dotted;padding:10px 10px;\">\n<div class=\"wp-block-column\">\n<p>Preguntas: \u00bfC\u00f3mo se siente dentro de una c\u00e1mara hiperb\u00e1rica de ox\u00edgeno?<\/p>\n\n\n\n<p>Respuestas: Mientras la c\u00e1mara se presuriza, sus o\u00eddos sentir\u00e1n el cambio de presi\u00f3n dentro de la c\u00e1mara. Por lo dem\u00e1s, deber\u00eda ser imperceptible. Para igualar la presi\u00f3n y evitar la sensaci\u00f3n de plenitud en los o\u00eddos, deber\u00e1 destaparse los o\u00eddos masticando (chicle o comida), tragando o bostezando. Durante la presurizaci\u00f3n de la c\u00e1mara, es posible que se le seque la boca. Una vez que la c\u00e1mara est\u00e9 completamente presurizada, su salivaci\u00f3n volver\u00e1 a la normalidad. Aparte de esta presi\u00f3n en el o\u00eddo no hay sensaciones inusuales o diferentes. Despu\u00e9s de utilizar la c\u00e1mara de ox\u00edgeno, una de las sensaciones m\u00e1s intuitivas es la de refrescarse, y se sentir\u00e1 lleno de vitalidad.<\/p>\n<\/div>\n<\/div>\n\n\n\n<p><\/p>\n\n\n\n<div class=\"wp-block-themepark-block-themepark-wright content-super-p\" style=\"font-size:12px;line-height:20px; border:1px #cccccc dotted;padding:10px 10px;\">\n<div class=\"wp-block-column\">\n<p>Preguntas: \u00bfQu\u00e9 mejoras puedo esperar?<\/p>\n\n\n\n<p>Respuestas: Para los estudiantes, la suplementaci\u00f3n con ox\u00edgeno tiene un buen efecto para eliminar la fatiga, aliviar la presi\u00f3n de los ex\u00e1menes y proteger el cerebro. Para las zonas hip\u00f3xicas de meseta, se puede corregir inmediatamente el estado hip\u00f3xico del organismo y mejorar la capacidad de adaptaci\u00f3n del cuerpo a la meseta. Para las personas de mediana edad y ancianos, puede compensar la falta de suministro de ox\u00edgeno causada por el declive de la funci\u00f3n fisiol\u00f3gica y mejorar la capacidad de autocuraci\u00f3n. Para los atletas, puede aliviar la fatiga muscular, restaurar la fuerza f\u00edsica y reducir las lesiones deportivas. Para las mujeres, el suplemento de ox\u00edgeno puede mejorar el metabolismo de las c\u00e9lulas de la piel, reducir la melanina y embellecer la piel. Para los trabajadores de oficina, puede aumentar la capacidad de difusi\u00f3n de ox\u00edgeno en la sangre, mejorando as\u00ed el estado de hipoxia del organismo. Se puede aliviar la disminuci\u00f3n de la capacidad de trabajo, la fatiga, el insomnio, la p\u00e9rdida de apetito, etc.<\/p>\n<\/div>\n<\/div>\n\n\n\n<p><\/p>\n\n\n\n<div class=\"wp-block-themepark-block-themepark-wright content-super-p\" style=\"font-size:12px;line-height:20px; border:1px #cccccc dotted;padding:10px 10px;\">\n<div class=\"wp-block-column\">\n<p>Preguntas: \u00bfCu\u00e1nto dura la sesi\u00f3n o el tratamiento?<\/p>\n\n\n\n<p>Respuestas: Normalmente para uso personal, 60-90 min una vez, una vez al d\u00eda, 5 d\u00edas a la semana. Lo que podr\u00e1 notar es si sigue mejorando. Un estudio cl\u00ednico sobre 1730 sujetos muestra la necesidad de unas 15 sesiones para las lesiones agudas y 40 para las cr\u00f3nicas. Si ha visto resultados en las primeras 40 sesiones, haga otras 40. Si las mejoras contin\u00faan, haga otras 40. Si las mejoras contin\u00faan, haz otras 40. etc. T\u00fa eres mejor juez del n\u00famero de sesiones necesarias que cualquier m\u00e9dico.<\/p>\n<\/div>\n<\/div>\n\n\n\n<p><\/p>\n\n\n\n<div class=\"wp-block-themepark-block-themepark-wright content-super-p\" style=\"font-size:12px;line-height:20px; border:1px #cccccc dotted;padding:10px 10px;\">\n<div class=\"wp-block-column\">\n<p>Preguntas: \u00bfExiste alguna contraindicaci\u00f3n para la oxigenoterapia hiperb\u00e1rica?<\/p>\n\n\n\n<p>Respuestas: Las personas que contraigan un resfriado o s\u00edntomas de gripe, las que padezcan rinitis u otitis media y las embarazadas deben seguir las recomendaciones del m\u00e9dico para utilizar la c\u00e1mara de ox\u00edgeno.<\/p>\n<\/div>\n<\/div>\n\n\n\n<p><\/p>\n\n\n\n<div class=\"wp-block-themepark-block-themepark-wright content-super-p\" style=\"font-size:12px;line-height:20px; border:1px #cccccc dotted;padding:10px 10px;\">\n<div class=\"wp-block-column\">\n<p>Preguntas: \u00bfTiene efectos secundarios?<\/p>\n\n\n\n<p>Respuestas: El efecto secundario m\u00e1s frecuente son las molestias en los o\u00eddos provocadas por los cambios de presi\u00f3n. Para minimizar el riesgo, los pacientes aprenden a promover el despeje adecuado de sus o\u00eddos durante la presurizaci\u00f3n. Algunos pacientes pueden sentirse cansados y mareados despu\u00e9s de utilizar una c\u00e1mara hiperb\u00e1rica por primera vez. Es una buena se\u00f1al, ya que la oxigenoterapia hiperb\u00e1rica acelera el metabolismo de nuestro cuerpo. Al igual que la gente se siente cansada despu\u00e9s de una larga carrera. Suelen ser buenas se\u00f1ales que indican desintoxicaci\u00f3n.<\/p>\n<\/div>\n<\/div>\n\n\n\n<p><\/p>\n\n\n\n<div class=\"wp-block-themepark-block-themepark-wright content-super-p\" style=\"font-size:12px;line-height:20px; border:1px #cccccc dotted;padding:10px 10px;\">\n<div class=\"wp-block-column\">\n<p>Preguntas: \u00bfQu\u00e9 pasa con la toxicidad del ox\u00edgeno?<\/p>\n\n\n\n<p>Respuestas: La toxicidad del ox\u00edgeno no es un problema a presiones inferiores a 1,5 ATA. Muchas veces se confunde el estr\u00e9s con la toxicidad del ox\u00edgeno. Ocasionalmente, puede haber un paciente que sea m\u00e1s sensible al Ox\u00edgeno que otros y puede ser necesario ajustar las presiones para satisfacer las necesidades del paciente.<\/p>\n<\/div>\n<\/div>\n\n\n\n<p><\/p>\n\n\n\n<div class=\"wp-block-themepark-block-themepark-wright content-super-p\" style=\"font-size:12px;line-height:20px; border:1px #cccccc dotted;padding:10px 10px;\">\n<div class=\"wp-block-column\">\n<p>Preguntas: \u00bfCu\u00e1l es el tiempo de garant\u00eda general previsto para las c\u00e1maras de ox\u00edgeno Macy Pan?<\/p>\n\n\n\n<p>Respuestas: Un a\u00f1o de garant\u00eda y mantenimiento de por vida. Si cualquier problema de calidad \/ defecto en el material \/ dise\u00f1o en el correcto funcionamiento dentro de un a\u00f1o, si es f\u00e1cil de arreglar, le enviaremos nuevos componentes Freely y le guiar\u00e1 sobre c\u00f3mo repararlos. Si es dif\u00edcil o complicado de arreglar, le enviaremos una nueva c\u00e1mara o m\u00e1quina directa y gratuitamente. De esta manera, no necesitaremos que nos devuelva las m\u00e1quinas, s\u00f3lo video y fotos estar\u00e1n bien para nuestro an\u00e1lisis. (gastos de env\u00edo no cubiertos).<\/p>\n<\/div>\n<\/div>\n\n\n\n<p><\/p>\n\n\n\n<div class=\"wp-block-themepark-block-themepark-wright content-super-p\" style=\"font-size:12px;line-height:20px; border:1px #cccccc dotted;padding:10px 10px;\">\n<div class=\"wp-block-column\">\n<p>Preguntas: \u00bfA qui\u00e9n no se recomienda utilizar la c\u00e1mara de ox\u00edgeno?<\/p>\n\n\n\n<p>Respuestas: Embarazadas, personas con enfermedades infecciosas y enfermedades graves. Borrachos. Personas con resfriados graves. Pacientes con marcapasos. Pacientes con rinitis, otitis media. Personas con hipertensi\u00f3n arterial superior a 160\/110 mmHg. Pacientes con enfisema grave.<\/p>\n<\/div>\n<\/div>\n<\/div>\n<\/div><div class=\"layout_badh\"><\/div><\/section>\n<\/div>\n<\/div>\n\n\n\n<div class=\"wp-block-themepark-block-themepark-wright content-super-p\" style=\"font-size:12px;line-height:20px;padding:1px 1px;\">\n<div class=\"wp-block-column\">\n<section class=\"wp-block-themepark-block-themepark-area block_layout thempark-block undefined\" id=\"\" style=\"background-color:#ffffff;padding-bottom:100px;padding-top:60px;\" data-swiper-parallax=\"-700\"><div class=\"block_layout_in\" style=\"\"><div class=\"post_in_list_head modle_title2\"><h3><span class=\"ez-toc-section\" id=\"PRODUCTCERTIFICATES\"><\/span><span style=\"color:#146ba2;font-size:16px;\" class=\"main-title\">PRODUCTO<\/span><span style=\"color:#666666;font-size:16px;\" class=\"as-title\">CERTIFICADOS<\/span><span class=\"ez-toc-section-end\"><\/span><\/h3><div class=\"title_boout\"><div class=\"title_bo\" style=\"border-bottom:1px solid #ccc;\"><\/div><\/div><\/div>\n<div class=\"wp-block-column block_layout_in\">\n<section class=\"wp-block-themepark-block-themepark-listul thempark-block list_ul_box_out  Effect0 undefined\" style=\"padding-bottom:10px;padding-top:20px;undefined\" swlist=\"5\" progresseffect=\"0\" autoplays=\"3\" line=\"1\" loops=\"no\"><div class=\"swiper-container showslidebox_out  listpadings showslidebox_full\"><div class=\"swiper-wrapper\"><div class=\"swiper-slide listul_box  xtpfms\" style=\"\"><a class=\"listul_box_img\" style=\"\"><div style=\"\" class=\"listulpic\"><img loading=\"lazy\" decoding=\"async\" class=\"swiper-lazy swiper-move-lazy lazyload\" data-src=\"https:\/\/www.macypanofficial.com\/wp-content\/uploads\/2024\/06\/xijie031.jpg\" src=\"https:\/\/www.macypanofficial.com\/wp-content\/themes\/smartenterprise\/images\/loading3.png\" alt=\"\" width=\"264\" height=\"373\"><\/div><\/a><\/div><div class=\"swiper-slide listul_box  xtpfms\" style=\"\"><a class=\"listul_box_img\" style=\"\"><div style=\"\" class=\"listulpic\"><img loading=\"lazy\" decoding=\"async\" class=\"swiper-lazy swiper-move-lazy lazyload\" data-src=\"https:\/\/www.macypanofficial.com\/wp-content\/uploads\/2024\/06\/xijiea032.jpg\" src=\"https:\/\/www.macypanofficial.com\/wp-content\/themes\/smartenterprise\/images\/loading3.png\" alt=\"\" width=\"264\" height=\"373\"><\/div><\/a><\/div><div class=\"swiper-slide listul_box  xtpfms\" style=\"\"><a class=\"listul_box_img\" style=\"\"><div style=\"\" class=\"listulpic\"><img loading=\"lazy\" decoding=\"async\" class=\"swiper-lazy swiper-move-lazy lazyload\" data-src=\"https:\/\/www.macypanofficial.com\/wp-content\/uploads\/2024\/06\/xijiea033.jpg\" src=\"https:\/\/www.macypanofficial.com\/wp-content\/themes\/smartenterprise\/images\/loading3.png\" alt=\"\" width=\"264\" height=\"373\"><\/div><\/a><\/div><div class=\"swiper-slide listul_box  xtpfms\" style=\"\"><a class=\"listul_box_img\" style=\"\"><div style=\"\" class=\"listulpic\"><img loading=\"lazy\" decoding=\"async\" class=\"swiper-lazy swiper-move-lazy lazyload\" data-src=\"https:\/\/www.macypanofficial.com\/wp-content\/uploads\/2024\/06\/xijie034.jpg\" src=\"https:\/\/www.macypanofficial.com\/wp-content\/themes\/smartenterprise\/images\/loading3.png\" alt=\"\" width=\"264\" height=\"373\"><\/div><\/a><\/div><div class=\"swiper-slide listul_box  xtpfms\" style=\"\"><a class=\"listul_box_img\" style=\"\"><div style=\"\" class=\"listulpic\"><img loading=\"lazy\" decoding=\"async\" class=\"swiper-lazy swiper-move-lazy lazyload\" data-src=\"https:\/\/www.macypanofficial.com\/wp-content\/uploads\/2024\/06\/xijiea034.jpg\" src=\"https:\/\/www.macypanofficial.com\/wp-content\/themes\/smartenterprise\/images\/loading3.png\" alt=\"\" width=\"264\" height=\"373\"><\/div><\/a><\/div><\/div><div class=\"pagination MovePnly\"><\/div><\/div><\/section>\n<\/div>\n<\/div><div class=\"layout_badh\"><\/div><\/section>\n<\/div>\n<\/div>","protected":false},"excerpt":{"rendered":"","protected":false},"author":1,"featured_media":2390,"parent":0,"menu_order":0,"comment_status":"open","ping_status":"closed","template":"","meta":{"themepark_post_bcolor":"#ffffff","themepark_post_width":"100%","themepark_post_img":"","themepark_post_img_po":"left","themepark_post_img_re":false,"themepark_post_img_cover":false,"themepark_post_img_fixed":false,"themepark_post_hide_title":true,"themepark_post_main_b":"","themepark_post_main_p":100,"themepark_paddingblock":true,"footnotes":""},"class_list":["post-2516","page","type-page","status-publish","has-post-thumbnail","hentry"],"_links":{"self":[{"href":"https:\/\/www.macypanofficial.com\/es\/wp-json\/wp\/v2\/pages\/2516","targetHints":{"allow":["GET"]}}],"collection":[{"href":"https:\/\/www.macypanofficial.com\/es\/wp-json\/wp\/v2\/pages"}],"about":[{"href":"https:\/\/www.macypanofficial.com\/es\/wp-json\/wp\/v2\/types\/page"}],"author":[{"embeddable":true,"href":"https:\/\/www.macypanofficial.com\/es\/wp-json\/wp\/v2\/users\/1"}],"replies":[{"embeddable":true,"href":"https:\/\/www.macypanofficial.com\/es\/wp-json\/wp\/v2\/comments?post=2516"}],"version-history":[{"count":1,"href":"https:\/\/www.macypanofficial.com\/es\/wp-json\/wp\/v2\/pages\/2516\/revisions"}],"predecessor-version":[{"id":7696,"href":"https:\/\/www.macypanofficial.com\/es\/wp-json\/wp\/v2\/pages\/2516\/revisions\/7696"}],"wp:featuredmedia":[{"embeddable":true,"href":"https:\/\/www.macypanofficial.com\/es\/wp-json\/wp\/v2\/media\/2390"}],"wp:attachment":[{"href":"https:\/\/www.macypanofficial.com\/es\/wp-json\/wp\/v2\/media?parent=2516"}],"curies":[{"name":"wp","href":"https:\/\/api.w.org\/{rel}","templated":true}]}}