{"id":5381,"date":"2024-09-10T14:02:44","date_gmt":"2024-09-10T06:02:44","guid":{"rendered":"https:\/\/eee.ceshi.xyz\/?page_id=5381"},"modified":"2025-10-20T16:00:49","modified_gmt":"2025-10-20T08:00:49","slug":"resenas","status":"publish","type":"page","link":"https:\/\/www.macypanofficial.com\/es\/resenas\/","title":{"rendered":"Rese\u00f1as"},"content":{"rendered":"<div class=\"wp-block-themepark-block-themepark-wright content-super-p PcOnly\" style=\"font-size:12px;line-height:20px;padding:1px 1px;\">\n<div class=\"wp-block-column\">\n<section class=\"wp-block-themepark-block-themepark-area block_layout thempark-block undefined bom100 top100\" id=\"maxw\" style=\"padding-top:183px;height:600px;box-sizing: border-box;width: 100%;\" data-swiper-parallax=\"-700\"><div class=\"block_layout_in clomnsmal\" style=\"\">\n<div class=\"wp-block-column block_layout_in\"><\/div>\n<\/div><div class=\"layout_badh\"><div class=\"shizhezhao\" style=\"opacity:0.68;background-color:;\"><\/div><div class=\"PcOnly themepark-block_layout_ba lazyload swiper-lazy\" style=\"background-position:center;\" data-background=\"https:\/\/www.macypanofficial.com\/wp-content\/uploads\/2024\/06\/fenlei007.jpg\"><\/div><\/div><\/section>\n<\/div>\n<\/div>\n\n\n\n<section class=\"wp-block-themepark-block-themepark-area block_layout thempark-block MovePnly\" id=\"maxw\" style=\"\" data-swiper-parallax=\"-700\"><div class=\"block_layout_in\" style=\"\">\n<div class=\"wp-block-column block_layout_in\"><div class=\"wp-block-image\">\n<figure class=\"aligncenter size-full\"><img loading=\"lazy\" decoding=\"async\" width=\"768\" height=\"900\" src=\"https:\/\/www.macypanofficial.com\/wp-content\/uploads\/2024\/09\/bannera11-1.jpg\" alt=\"bannera11\" class=\"wp-image-5961\" srcset=\"https:\/\/www.macypanofficial.com\/wp-content\/uploads\/2024\/09\/bannera11-1.jpg 768w, https:\/\/www.macypanofficial.com\/wp-content\/uploads\/2024\/09\/bannera11-1-256x300.jpg 256w\" sizes=\"auto, (max-width: 768px) 100vw, 768px\" \/><\/figure>\n<\/div><\/div>\n<\/div><div class=\"layout_badh\"><\/div><\/section>\n\n\n\n<div class=\"wp-block-themepark-block-themepark-wright content-super-p MovePnly\" style=\"font-size:12px;line-height:20px;padding:50px 0px;\">\n<div class=\"wp-block-column\">\n<section class=\"wp-block-themepark-block-themepark-area block_layout thempark-block undefined\" id=\"\" style=\"\" data-swiper-parallax=\"-700\"><div class=\"block_layout_in\" style=\"\">\n<div class=\"wp-block-column\">\n<section class=\"wp-block-themepark-block-themepark-area block_layout thempark-block undefined bom10 top10 severs\" id=\"maxw\" style=\"background-color:#ffffff;padding-bottom:13px;padding-top:40px;\" data-swiper-parallax=\"-700\"><div class=\"block_layout_in\" style=\"\"><div class=\"post_in_list_head modle_title2\"><h3><span class=\"ez-toc-section\" id=\"MACYPANREVIEWS\"><\/span><span style=\"color:#666666;font-size:18px;\" class=\"main-title\">MACYPAN<\/span><span style=\"color:#239be0;font-size:18px;\" class=\"as-title\">RESE\u00d1AS<\/span><span class=\"ez-toc-section-end\"><\/span><\/h3><div class=\"title_boout\"><div class=\"title_bo\" style=\"border-bottom:1px solid #ccc;\"><\/div><\/div><font class=\"titletext\" style=\"color:#666666;font-size:12px;\"><span>RESE\u00d1AS DE SHANGHAI BAOBANG MEDICAL EQUIPMENT CO., LTD<\/span><\/font><\/div>\n<div class=\"wp-block-column block_layout_in\">\n<div class=\"wp-block-themepark-block-themepark-wright content-super-p\" style=\"font-size:16px;line-height:28px;color:#666666;background-color:#ffffff;padding:80px 15px;\">\n<div class=\"wp-block-column\">\n<section class=\"wp-block-themepark-block-themepark-history themepark-history-shuxiang  ybdms\"><div class=\"themepark-history_up\" style=\"border-left: 2px solid#24b6b1;\"><div class=\"history_box\"><div class=\"imgbox\"><img decoding=\"async\" class=\"show\" src=\"https:\/\/www.macypanofficial.com\/wp-content\/uploads\/2024\/09\/Nemanja-Majdo-reviews1.jpg\" alt=\"\"><\/div><b class=\"hi_title\" style=\"font-size:15px;color:#000000;\">Nemanja Majdo<\/b><div class=\"hi_text\" style=\"font-size:13px;color:#666666;\"><div class=\"ov\" style=\"height:100px;\"><span>Campe\u00f3n de judo de Serbia<\/span><span>\u2605\u2605\u2605\u2605\u2605<\/span><span>\"Nemanja Majdo es el campe\u00f3n de judo de Serbia. En los Campeonatos Europeos de Judo de 2018 en Tel Aviv, gan\u00f3 su primera medalla europea senior.Expres\u00f3 su gratitud a MACY-PAN por ayudarle a recuperarse r\u00e1pidamente del duro entrenamiento y continuar\u00e1 utilizando la c\u00e1mara hiperb\u00e1rica blanda y dura MACY-PAN.\"<\/span><\/div><div class=\"his_xian\" style=\"background:#24b6b1;\"><\/div><div class=\"his_quan\" style=\"background:#24b6b1;\"><div class=\"his_quan_in\" style=\"border: 1px solid #24b6b1;\"><\/div><\/div><\/div><\/div><div class=\"history_box\"><div class=\"imgbox\"><img decoding=\"async\" class=\"show\" src=\"https:\/\/www.macypanofficial.com\/wp-content\/uploads\/2024\/09\/Vite-Dragic-reviews1.jpg\" alt=\"\"><\/div><b class=\"hi_title\" style=\"font-size:15px;color:#000000;\">Vite Dragic<\/b><div class=\"hi_text\" style=\"font-size:13px;color:#666666;\"><div class=\"ov\" style=\"height:100px;\"><span>Atleta de judo de Eslovenia<\/span><span>\u2605\u2605\u2605\u2605\u2605<\/span><span>Como atleta profesional tengo esta camara para ayudarme con mi regeneracion y recuperacion. \u00a1\u00a1\u00a1He estado usando todos los d\u00edas \uff087 d\u00edas ahora\uff09para 90min y los resultados son incre\u00edbles que he impulsado cada de potencia, velocidad y resistencia para 10%, simplemente amazing.Thank por todo Macy-Pan !!!<\/span><\/div><div class=\"his_xian\" style=\"background:#24b6b1;\"><\/div><div class=\"his_quan\" style=\"background:#24b6b1;\"><div class=\"his_quan_in\" style=\"border: 1px solid #24b6b1;\"><\/div><\/div><\/div><\/div><div class=\"history_box\"><div class=\"imgbox\"><img decoding=\"async\" class=\"show\" src=\"https:\/\/www.macypanofficial.com\/wp-content\/uploads\/2024\/09\/Lorna-Brodie-reviews1.jpg\" alt=\"\"><\/div><b class=\"hi_title\" style=\"font-size:15px;color:#000000;\">Lorna Brodie<\/b><div class=\"hi_text\" style=\"font-size:13px;color:#666666;\"><div class=\"ov\" style=\"height:100px;\"><span>Desde Estados Unidos<\/span><span>\u2605\u2605\u2605\u2605\u2605<\/span><span>Mi marido y yo estamos tan contentos con nuestra c\u00e1mara hiperb\u00e1rica, que estamos pensando en comprar otra para nuestra casa en Idaho.Ahora que la usamos casi todos los d\u00edas, no podemos imaginarnos sin ella.Estaba mirando su p\u00e1gina web y me preguntaba \u00bfcu\u00e1nto cuestan las c\u00e1maras de tipo sentado? Probablemente querremos otra como la que tenemos aqu\u00ed en nuestra casa de California, pero ten\u00eda curiosidad sobre el tipo de asiento y si ofrece los mismos beneficios.<\/span><\/div><div class=\"his_xian\" style=\"background:#24b6b1;\"><\/div><div class=\"his_quan\" style=\"background:#24b6b1;\"><div class=\"his_quan_in\" style=\"border: 1px solid #24b6b1;\"><\/div><\/div><\/div><\/div><div class=\"history_box\"><div class=\"imgbox\"><img decoding=\"async\" class=\"show\" src=\"https:\/\/www.macypanofficial.com\/wp-content\/uploads\/2024\/09\/Janez-Cerk-review.jpg\" alt=\"\"><\/div><b class=\"hi_title\" style=\"font-size:15px;color:#000000;\">Janez Cerk<\/b><div class=\"hi_text\" style=\"font-size:13px;color:#666666;\"><div class=\"ov\" style=\"height:100px;\"><span>desde Eslovenia<\/span><span>\u2605\u2605\u2605\u2605\u2605<\/span><span>Estoy muy satisfecho con su c\u00e1mara. Mi esposa y yo la usamos todos los d\u00edas.<\/span><span>Tengo una pregunta para usted. Es posible actualizar su c\u00e1mara a la clase<\/span><span>He trabajado un a\u00f1o como operador hiperb\u00e1rico y tengo experiencia con HBOT<\/span><\/div><div class=\"his_xian\" style=\"background:#24b6b1;\"><\/div><div class=\"his_quan\" style=\"background:#24b6b1;\"><div class=\"his_quan_in\" style=\"border: 1px solid #24b6b1;\"><\/div><\/div><\/div><\/div><div class=\"history_box\"><div class=\"imgbox\"><img decoding=\"async\" class=\"show\" src=\"https:\/\/www.macypanofficial.com\/wp-content\/uploads\/2024\/09\/Natalie-Good-review.jpg\" alt=\"\"><\/div><b class=\"hi_title\" style=\"font-size:15px;color:#000000;\">Natalie Bueno<\/b><div class=\"hi_text\" style=\"font-size:13px;color:#666666;\"><div class=\"ov\" style=\"height:100px;\"><span>Campeona del mundo de esqu\u00ed universitario<\/span><span>\u2605\u2605\u2605\u2605\u2605<\/span><span>Es fant\u00e1stico tener a Natalie Good en la c\u00e1mara hiperb\u00e1rica. Nats es la primera y \u00fanica neozelandesa que ha ganado una medalla de oro en los Juegos Mundiales Universitarios, cuando se impuso en Slope Style en Trentino (Italia). Nats acaba de regresar de su exitoso viaje para competir en Europa.<\/span><\/div><div class=\"his_xian\" style=\"background:#24b6b1;\"><\/div><div class=\"his_quan\" style=\"background:#24b6b1;\"><div class=\"his_quan_in\" style=\"border: 1px solid #24b6b1;\"><\/div><\/div><\/div><\/div><div class=\"history_box\"><div class=\"imgbox\"><img decoding=\"async\" class=\"show\" src=\"https:\/\/www.macypanofficial.com\/wp-content\/uploads\/2024\/09\/GabrielVargas-review.jpg\" alt=\"\"><\/div><b class=\"hi_title\" style=\"font-size:15px;color:#000000;\">GabrielVargas<\/b><div class=\"hi_text\" style=\"font-size:13px;color:#666666;\"><div class=\"ov\" style=\"height:100px;\"><span>F\u00fatbolStarinChile<\/span><span>\u2605\u2605\u2605\u2605\u2605<\/span><span>Gabriel se lleva la c\u00e1mara, sobre todo fuera de casa.<\/span><span>Tiene 2 hijos muy guapos, y su mujer Nichole hace hbot en casa todos los d\u00edas.<\/span><\/div><div class=\"his_xian\" style=\"background:#24b6b1;\"><\/div><div class=\"his_quan\" style=\"background:#24b6b1;\"><div class=\"his_quan_in\" style=\"border: 1px solid #24b6b1;\"><\/div><\/div><\/div><\/div><div class=\"wp_clear\"><\/div><\/div><div class=\"wp_clear\"><\/div><\/section>\n\n\n\n<p><\/p>\n\n\n\n<p><\/p>\n<\/div>\n<\/div>\n<\/div>\n<\/div><div class=\"layout_badh\"><\/div><\/section>\n<\/div>\n<\/div><div class=\"layout_badh\"><\/div><\/section>\n<\/div>\n<\/div>\n\n\n\n<div class=\"wp-block-themepark-block-themepark-wright content-super-p PcOnly\" style=\"font-size:12px;line-height:20px;\">\n<div class=\"wp-block-column\">\n<section class=\"wp-block-themepark-block-themepark-area block_layout thempark-block undefined\" id=\"\" style=\"\" data-swiper-parallax=\"-700\"><div class=\"block_layout_in\" style=\"\">\n<div class=\"wp-block-column\">\n<section class=\"wp-block-themepark-block-themepark-area block_layout thempark-block undefined bom10 top10 severs\" id=\"maxw\" style=\"background-color:#ffffff;padding-bottom:13px;padding-top:50px;\" data-swiper-parallax=\"-700\"><div class=\"block_layout_in\" style=\"\"><div class=\"post_in_list_head modle_title2\"><h3><span class=\"ez-toc-section\" id=\"MACYPANREVIEWS-2\"><\/span><span style=\"color:#666666;\" class=\"main-title has-medium-font-size\">MACYPAN<\/span><span style=\"color:#239be0;\" class=\"as-title has-medium-font-size\">RESE\u00d1AS<\/span><span class=\"ez-toc-section-end\"><\/span><\/h3><div class=\"title_boout\"><div class=\"title_bo\" style=\"border-bottom:1px solid #ccc;\"><\/div><\/div><font class=\"titletext\" style=\"color:#666666;font-size:14px;\"><span>RESE\u00d1AS DE SHANGHAI BAOBANG MEDICAL EQUIPMENT CO., LTD<\/span><\/font><\/div>\n<div class=\"wp-block-column block_layout_in\">\n<div class=\"wp-block-themepark-block-themepark-wright content-super-p\" style=\"font-size:16px;line-height:28px;color:#666666;background-color:#ffffff;padding:80px 15px;\">\n<div class=\"wp-block-column\">\n<section class=\"wp-block-themepark-block-themepark-history themepark-history-shuxiang  ybdms\"><div class=\"themepark-history_up\" style=\"border-left: 2px solid#24b6b1;\"><div class=\"history_box\"><div class=\"imgbox\"><img decoding=\"async\" class=\"show\" src=\"https:\/\/www.macypanofficial.com\/wp-content\/uploads\/2024\/09\/Nemanja-Majdo-reviews1.jpg\" alt=\"\"><\/div><b class=\"hi_title\" style=\"font-size:24px;color:#000000;\">Nemanja Majdo<\/b><div class=\"hi_text\" style=\"font-size:15px;color:#666666;\"><div class=\"ov\" style=\"height:100px;\"><span>Campe\u00f3n de judo de Serbia<\/span><span>\u2605\u2605\u2605\u2605\u2605<\/span><span>\"Nemanja Majdo es el campe\u00f3n de judo de Serbia. En los Campeonatos Europeos de Judo de 2018 en Tel Aviv, gan\u00f3 su primera medalla europea senior.Expres\u00f3 su gratitud a MACY-PAN por ayudarle a recuperarse r\u00e1pidamente del duro entrenamiento y continuar\u00e1 utilizando la c\u00e1mara hiperb\u00e1rica blanda y dura MACY-PAN.\"<\/span><\/div><div class=\"his_xian\" style=\"background:#24b6b1;\"><\/div><div class=\"his_quan\" style=\"background:#24b6b1;\"><div class=\"his_quan_in\" style=\"border: 1px solid #24b6b1;\"><\/div><\/div><\/div><\/div><div class=\"history_box\"><div class=\"imgbox\"><img decoding=\"async\" class=\"show\" src=\"https:\/\/www.macypanofficial.com\/wp-content\/uploads\/2024\/09\/Vite-Dragic-reviews1.jpg\" alt=\"\"><\/div><b class=\"hi_title\" style=\"font-size:24px;color:#000000;\">Vite Dragic<\/b><div class=\"hi_text\" style=\"font-size:15px;color:#666666;\"><div class=\"ov\" style=\"height:100px;\"><span>Atleta de judo de Eslovenia<\/span><span>\u2605\u2605\u2605\u2605\u2605<\/span><span>Como atleta profesional tengo esta camara para ayudarme con mi regeneracion y recuperacion. \u00a1\u00a1\u00a1He estado usando todos los d\u00edas \uff087 d\u00edas ahora\uff09para 90min y los resultados son incre\u00edbles que he impulsado cada de potencia, velocidad y resistencia para 10%, simplemente amazing.Thank por todo Macy-Pan !!!<\/span><\/div><div class=\"his_xian\" style=\"background:#24b6b1;\"><\/div><div class=\"his_quan\" style=\"background:#24b6b1;\"><div class=\"his_quan_in\" style=\"border: 1px solid #24b6b1;\"><\/div><\/div><\/div><\/div><div class=\"history_box\"><div class=\"imgbox\"><img decoding=\"async\" class=\"show\" src=\"https:\/\/www.macypanofficial.com\/wp-content\/uploads\/2024\/09\/Lorna-Brodie-reviews1.jpg\" alt=\"\"><\/div><b class=\"hi_title\" style=\"font-size:24px;color:#000000;\">Lorna Brodie<\/b><div class=\"hi_text\" style=\"font-size:15px;color:#666666;\"><div class=\"ov\" style=\"height:100px;\"><span>Desde Estados Unidos<\/span><span>\u2605\u2605\u2605\u2605\u2605<\/span><span>Mi marido y yo estamos tan contentos con nuestra c\u00e1mara hiperb\u00e1rica, que estamos pensando en comprar otra para nuestra casa en Idaho.Ahora que la usamos casi todos los d\u00edas, no podemos imaginarnos sin ella.Estaba mirando su p\u00e1gina web y me preguntaba \u00bfcu\u00e1nto cuestan las c\u00e1maras de tipo sentado? Probablemente querremos otra como la que tenemos aqu\u00ed en nuestra casa de California, pero ten\u00eda curiosidad sobre el tipo de asiento y si ofrece los mismos beneficios.<\/span><\/div><div class=\"his_xian\" style=\"background:#24b6b1;\"><\/div><div class=\"his_quan\" style=\"background:#24b6b1;\"><div class=\"his_quan_in\" style=\"border: 1px solid #24b6b1;\"><\/div><\/div><\/div><\/div><div class=\"history_box\"><div class=\"imgbox\"><img decoding=\"async\" class=\"show\" src=\"https:\/\/www.macypanofficial.com\/wp-content\/uploads\/2024\/09\/Janez-Cerk-review.jpg\" alt=\"\"><\/div><b class=\"hi_title\" style=\"font-size:24px;color:#000000;\">Janez Cerk<\/b><div class=\"hi_text\" style=\"font-size:15px;color:#666666;\"><div class=\"ov\" style=\"height:100px;\"><span>desde Eslovenia<\/span><span>\u2605\u2605\u2605\u2605\u2605<\/span><span>Estoy muy satisfecho con su c\u00e1mara. Mi esposa y yo la usamos todos los d\u00edas.<\/span><span>Tengo una pregunta para usted. Es posible actualizar su c\u00e1mara a la clase<\/span><span>He trabajado un a\u00f1o como operador hiperb\u00e1rico y tengo experiencia con HBOT<\/span><\/div><div class=\"his_xian\" style=\"background:#24b6b1;\"><\/div><div class=\"his_quan\" style=\"background:#24b6b1;\"><div class=\"his_quan_in\" style=\"border: 1px solid #24b6b1;\"><\/div><\/div><\/div><\/div><div class=\"history_box\"><div class=\"imgbox\"><img decoding=\"async\" class=\"show\" src=\"https:\/\/www.macypanofficial.com\/wp-content\/uploads\/2024\/09\/Natalie-Good-review.jpg\" alt=\"\"><\/div><b class=\"hi_title\" style=\"font-size:24px;color:#000000;\">Natalie Bueno<\/b><div class=\"hi_text\" style=\"font-size:15px;color:#666666;\"><div class=\"ov\" style=\"height:100px;\"><span>Campeona del mundo de esqu\u00ed universitario<\/span><span>\u2605\u2605\u2605\u2605\u2605<\/span><span>Es fant\u00e1stico tener a Natalie Good en la c\u00e1mara hiperb\u00e1rica. Nats es la primera y \u00fanica neozelandesa que ha ganado una medalla de oro en los Juegos Mundiales Universitarios, cuando se impuso en Slope Style en Trentino (Italia). Nats acaba de regresar de su exitoso viaje para competir en Europa.<\/span><\/div><div class=\"his_xian\" style=\"background:#24b6b1;\"><\/div><div class=\"his_quan\" style=\"background:#24b6b1;\"><div class=\"his_quan_in\" style=\"border: 1px solid #24b6b1;\"><\/div><\/div><\/div><\/div><div class=\"history_box\"><div class=\"imgbox\"><img decoding=\"async\" class=\"show\" src=\"https:\/\/www.macypanofficial.com\/wp-content\/uploads\/2024\/09\/GabrielVargas-review.jpg\" alt=\"\"><\/div><b class=\"hi_title\" style=\"font-size:24px;color:#000000;\">GabrielVargas<\/b><div class=\"hi_text\" style=\"font-size:15px;color:#666666;\"><div class=\"ov\" style=\"height:100px;\"><span>F\u00fatbolStarinChile<\/span><span>\u2605\u2605\u2605\u2605\u2605<\/span><span>Gabriel se lleva la c\u00e1mara, sobre todo fuera de casa.<\/span><span>Tiene 2 hijos muy guapos, y su mujer Nichole hace hbot en casa todos los d\u00edas.<\/span><\/div><div class=\"his_xian\" style=\"background:#24b6b1;\"><\/div><div class=\"his_quan\" style=\"background:#24b6b1;\"><div class=\"his_quan_in\" style=\"border: 1px solid #24b6b1;\"><\/div><\/div><\/div><\/div><div class=\"wp_clear\"><\/div><\/div><div class=\"wp_clear\"><\/div><\/section>\n\n\n\n<p><\/p>\n\n\n\n<p><\/p>\n<\/div>\n<\/div>\n<\/div>\n<\/div><div class=\"layout_badh\"><\/div><\/section>\n<\/div>\n<\/div><div class=\"layout_badh\"><\/div><\/section>\n<\/div>\n<\/div>","protected":false},"excerpt":{"rendered":"","protected":false},"author":1,"featured_media":5961,"parent":0,"menu_order":0,"comment_status":"open","ping_status":"closed","template":"","meta":{"themepark_post_bcolor":"#f5f5f5","themepark_post_width":"100% dong","themepark_post_img":"","themepark_post_img_po":"left","themepark_post_img_re":false,"themepark_post_img_cover":false,"themepark_post_img_fixed":false,"themepark_post_hide_title":true,"themepark_post_main_b":"#ffffff","themepark_post_main_p":100,"themepark_paddingblock":true,"footnotes":""},"class_list":["post-5381","page","type-page","status-publish","has-post-thumbnail","hentry"],"_links":{"self":[{"href":"https:\/\/www.macypanofficial.com\/es\/wp-json\/wp\/v2\/pages\/5381","targetHints":{"allow":["GET"]}}],"collection":[{"href":"https:\/\/www.macypanofficial.com\/es\/wp-json\/wp\/v2\/pages"}],"about":[{"href":"https:\/\/www.macypanofficial.com\/es\/wp-json\/wp\/v2\/types\/page"}],"author":[{"embeddable":true,"href":"https:\/\/www.macypanofficial.com\/es\/wp-json\/wp\/v2\/users\/1"}],"replies":[{"embeddable":true,"href":"https:\/\/www.macypanofficial.com\/es\/wp-json\/wp\/v2\/comments?post=5381"}],"version-history":[{"count":2,"href":"https:\/\/www.macypanofficial.com\/es\/wp-json\/wp\/v2\/pages\/5381\/revisions"}],"predecessor-version":[{"id":7701,"href":"https:\/\/www.macypanofficial.com\/es\/wp-json\/wp\/v2\/pages\/5381\/revisions\/7701"}],"wp:featuredmedia":[{"embeddable":true,"href":"https:\/\/www.macypanofficial.com\/es\/wp-json\/wp\/v2\/media\/5961"}],"wp:attachment":[{"href":"https:\/\/www.macypanofficial.com\/es\/wp-json\/wp\/v2\/media?parent=5381"}],"curies":[{"name":"wp","href":"https:\/\/api.w.org\/{rel}","templated":true}]}}