{"id":2715,"date":"2024-06-27T20:18:27","date_gmt":"2024-06-27T12:18:27","guid":{"rendered":"https:\/\/eee.ceshi.xyz\/?page_id=2715"},"modified":"2025-10-20T16:01:10","modified_gmt":"2025-10-20T08:01:10","slug":"video","status":"publish","type":"page","link":"https:\/\/www.macypanofficial.com\/fr\/video\/","title":{"rendered":"vid\u00e9o"},"content":{"rendered":"<div class=\"wp-block-themepark-block-themepark-wright content-super-p PcOnly\" style=\"font-size:12px;line-height:20px;padding:1px 1px;\">\n<div class=\"wp-block-column\">\n<section class=\"wp-block-themepark-block-themepark-area block_layout thempark-block undefined bom100 top100\" id=\"maxw\" style=\"padding-top:183px;height:600px;box-sizing: border-box;width: 100%;\" data-swiper-parallax=\"-700\"><div class=\"block_layout_in clomnsmal\" style=\"\">\n<div class=\"wp-block-column block_layout_in\"><\/div>\n<\/div><div class=\"layout_badh\"><div class=\"shizhezhao\" style=\"opacity:0.68;background-color:;\"><\/div><div class=\"PcOnly themepark-block_layout_ba lazyload swiper-lazy\" style=\"background-position:center;\" data-background=\"https:\/\/www.macypanofficial.com\/wp-content\/uploads\/2024\/06\/fenlei007.jpg\"><\/div><\/div><\/section>\n<\/div>\n<\/div>\n\n\n\n<section class=\"wp-block-themepark-block-themepark-area block_layout thempark-block MovePnly\" id=\"maxw\" style=\"\" data-swiper-parallax=\"-700\"><div class=\"block_layout_in\" style=\"\">\n<div class=\"wp-block-column block_layout_in\"><div class=\"wp-block-image\">\n<figure class=\"aligncenter size-full\"><img loading=\"lazy\" decoding=\"async\" width=\"768\" height=\"900\" src=\"https:\/\/www.macypanofficial.com\/wp-content\/uploads\/2024\/09\/bannera11-1.jpg\" alt=\"bannera11\" class=\"wp-image-5961\" srcset=\"https:\/\/www.macypanofficial.com\/wp-content\/uploads\/2024\/09\/bannera11-1.jpg 768w, https:\/\/www.macypanofficial.com\/wp-content\/uploads\/2024\/09\/bannera11-1-256x300.jpg 256w\" sizes=\"auto, (max-width: 768px) 100vw, 768px\" \/><\/figure>\n<\/div><\/div>\n<\/div><div class=\"layout_badh\"><\/div><\/section>\n\n\n\n<div class=\"wp-block-themepark-block-themepark-wright content-super-p MovePnly\" style=\"font-size:12px;line-height:20px;\">\n<div class=\"wp-block-column\">\n<section class=\"wp-block-themepark-block-themepark-area block_layout thempark-block undefined\" id=\"\" style=\"\" data-swiper-parallax=\"-700\"><div class=\"block_layout_in\" style=\"\">\n<div class=\"wp-block-column\">\n<section class=\"wp-block-themepark-block-themepark-area block_layout thempark-block undefined bom10 top10 severs\" id=\"maxw\" style=\"background-color:#ffffff;padding-bottom:13px;padding-top:50px;\" data-swiper-parallax=\"-700\"><div class=\"block_layout_in\" style=\"\"><div class=\"post_in_list_head modle_title2\"><h3><span class=\"ez-toc-section\" id=\"MACYPANVIDEO\"><\/span><span style=\"color:#666666;font-size:18px;\" class=\"main-title\">MACYPAN<\/span><span style=\"color:#239be0;font-size:18px;\" class=\"as-title\">VID\u00c9O<\/span><span class=\"ez-toc-section-end\"><\/span><\/h3><div class=\"title_boout\"><div class=\"title_bo\" style=\"border-bottom:1px solid #ccc;\"><\/div><\/div><font class=\"titletext\" style=\"color:#666666;font-size:12px;\"><span>SHANGHAI BAOBANG MEDICAL EQUIPMENT CO, LTD VIDEO<\/span><\/font><\/div>\n<div class=\"wp-block-column block_layout_in\">\n<section class=\"wp-block-themepark-block-themepark-icon thempark-block themepark_icon_list_out undefined bom10 top10\" id=\"nomo\" style=\"padding-bottom:10px;padding-top:10px;\"><div class=\"themepark_icon_list_in fullicon  rightheng\" style=\"\"><div class=\"themepark_icon_lists iconl3 iconls1\" style=\"\"><a class=\"themepark_icon_box  picmodle\" href=\"https:\/\/youtu.be\/m8hHY49PgTo?si=E9gnh-NeHIuwiSR6\" style=\"\" rel=\"nofollow noopener\" target=\"_blank\"><div class=\"themepark_icon_box_i\"><div class=\"themepark_icon_box_i_out\"><img decoding=\"async\" src=\"https:\/\/www.macypanofficial.com\/wp-content\/uploads\/2024\/09\/MACY-PAN.jpg\" alt=\"MACY-PAN\" style=\"width:500px;\"\/><\/div><b style=\"font-size:18px;color:#09152c;\">MACY-PAN<\/b><\/div><div class=\"themepark_icon_box_d\" style=\"font-size:13px;color:#666666;height:48px;\"><span>Vid\u00e9o de pr\u00e9sentation de l'entreprise<\/span><\/div><div class=\"themepark_icon_box_bac\" style=\"background:#f2fbff;opacity:0;\"><\/div><\/a><a class=\"themepark_icon_box  picmodle\" href=\"https:\/\/youtu.be\/dOcLFDFgUw0?si=sIpPFctsvIYQu_xW\" style=\"\" rel=\"nofollow noopener\" target=\"_blank\"><div class=\"themepark_icon_box_i\"><div class=\"themepark_icon_box_i_out\"><img decoding=\"async\" src=\"https:\/\/www.macypanofficial.com\/wp-content\/uploads\/2024\/09\/HP1501-Installation-Instructions.jpg\" alt=\"HP1501 Instructions d&#039;installation\" style=\"width:500px;\"\/><\/div><b style=\"font-size:18px;color:#09152c;\">HP1501 Instructions d'installation<\/b><\/div><div class=\"themepark_icon_box_d\" style=\"font-size:13px;color:#666666;height:48px;\"><span>Instructions d'installation de la chambre hyperbare HP1501<\/span><\/div><div class=\"themepark_icon_box_bac\" style=\"background:#f2fbff;opacity:0;\"><\/div><\/a><a class=\"themepark_icon_box  picmodle\" href=\"https:\/\/youtu.be\/97qe9gTPXa0?si=mvgYMx1grB99GCkX\" style=\"\" rel=\"nofollow noopener\" target=\"_blank\"><div class=\"themepark_icon_box_i\"><div class=\"themepark_icon_box_i_out\"><img decoding=\"async\" src=\"https:\/\/www.macypanofficial.com\/wp-content\/uploads\/2024\/09\/Instructions-for-use-of-HE5000.jpg\" alt=\"Mode d&#039;emploi du HE5000\" style=\"width:500px;\"\/><\/div><b style=\"font-size:18px;color:#09152c;\">Mode d'emploi du HE5000<\/b><\/div><div class=\"themepark_icon_box_d\" style=\"font-size:13px;color:#666666;height:48px;\"><span>1,6-2,0 ATA Chambre hyperbare multiplace s\u00e9rie HE5000<\/span><\/div><div class=\"themepark_icon_box_bac\" style=\"background:#f2fbff;opacity:0;\"><\/div><\/a><a class=\"themepark_icon_box  picmodle\" href=\"https:\/\/youtu.be\/A1cOU71HNtk?si=y5Ak6xCxyFRSls-Q\" style=\"\" rel=\"nofollow noopener\" target=\"_blank\"><div class=\"themepark_icon_box_i\"><div class=\"themepark_icon_box_i_out\"><img decoding=\"async\" src=\"https:\/\/www.macypanofficial.com\/wp-content\/uploads\/2024\/09\/Instructions-for-use-of-HP2202.jpg\" alt=\"Manuel de l&#039;utilisateur HP2202\" style=\"width:500px;\"\/><\/div><b style=\"font-size:18px;color:#09152c;\">Manuel de l'utilisateur HP2202<\/b><\/div><div class=\"themepark_icon_box_d\" style=\"font-size:13px;color:#666666;height:48px;\"><span>Chambre hyperbare MACY-PAN 2.0ATA HP2202<\/span><\/div><div class=\"themepark_icon_box_bac\" style=\"background:#f2fbff;opacity:0;\"><\/div><\/a><a class=\"themepark_icon_box  picmodle\" href=\"https:\/\/youtu.be\/HQvnnKHeLC8?si=FA_bR3KM61Nv1f0N\" style=\"\" rel=\"nofollow noopener\" target=\"_blank\"><div class=\"themepark_icon_box_i\"><div class=\"themepark_icon_box_i_out\"><img decoding=\"async\" src=\"https:\/\/www.macypanofficial.com\/wp-content\/uploads\/2024\/09\/TJ-Dillashaw.jpg\" alt=\"Ce que dit TJ Dillashaw\" style=\"width:500px;\"\/><\/div><b style=\"font-size:18px;color:#09152c;\">Ce que dit TJ Dillashaw<\/b><\/div><div class=\"themepark_icon_box_d\" style=\"font-size:13px;color:#666666;height:48px;\"><span>Avis sur la chambre \u00e0 oxyg\u00e8ne hyperbare MACY-PAN<\/span><\/div><div class=\"themepark_icon_box_bac\" style=\"background:#f2fbff;opacity:0;\"><\/div><\/a><a class=\"themepark_icon_box  picmodle\" href=\"https:\/\/youtu.be\/GcUaXT35Wno?si=UHgs-zVDoV9_51Kw\" style=\"\" rel=\"nofollow noopener\" target=\"_blank\"><div class=\"themepark_icon_box_i\"><div class=\"themepark_icon_box_i_out\"><img decoding=\"async\" src=\"https:\/\/www.macypanofficial.com\/wp-content\/uploads\/2024\/09\/Frequently-asked-questions.jpg\" alt=\"Questions fr\u00e9quemment pos\u00e9es\" style=\"width:500px;\"\/><\/div><b style=\"font-size:18px;color:#09152c;\">Questions fr\u00e9quemment pos\u00e9es<\/b><\/div><div class=\"themepark_icon_box_d\" style=\"font-size:13px;color:#666666;height:48px;\"><span>Questions fr\u00e9quemment pos\u00e9es sur les chambres \u00e0 oxyg\u00e8ne hyperbares<\/span><\/div><div class=\"themepark_icon_box_bac\" style=\"background:#f2fbff;opacity:0;\"><\/div><\/a><\/div><\/div><\/section>\n<\/div>\n<\/div><div class=\"layout_badh\"><\/div><\/section>\n<\/div>\n<\/div><div class=\"layout_badh\"><\/div><\/section>\n<\/div>\n<\/div>\n\n\n\n<div class=\"wp-block-themepark-block-themepark-wright content-super-p PcOnly\" style=\"font-size:12px;line-height:20px;\">\n<div class=\"wp-block-column\">\n<section class=\"wp-block-themepark-block-themepark-area block_layout thempark-block undefined\" id=\"\" style=\"\" data-swiper-parallax=\"-700\"><div class=\"block_layout_in\" style=\"\">\n<div class=\"wp-block-column\">\n<section class=\"wp-block-themepark-block-themepark-area block_layout thempark-block undefined bom10 top10 severs\" id=\"maxw\" style=\"background-color:#ffffff;padding-bottom:13px;padding-top:50px;\" data-swiper-parallax=\"-700\"><div class=\"block_layout_in\" style=\"\"><div class=\"post_in_list_head modle_title2\"><h3><span class=\"ez-toc-section\" id=\"MACYPANVIDEO-2\"><\/span><span style=\"color:#666666;\" class=\"main-title has-medium-font-size\">MACYPAN<\/span><span style=\"color:#239be0;\" class=\"as-title has-medium-font-size\">VID\u00c9O<\/span><span class=\"ez-toc-section-end\"><\/span><\/h3><div class=\"title_boout\"><div class=\"title_bo\" style=\"border-bottom:1px solid #ccc;\"><\/div><\/div><font class=\"titletext\" style=\"color:#666666;font-size:14px;\"><span>SHANGHAI BAOBANG MEDICAL EQUIPMENT CO, LTD VIDEO<\/span><\/font><\/div>\n<div class=\"wp-block-column block_layout_in\">\n<section class=\"wp-block-themepark-block-themepark-icon thempark-block themepark_icon_list_out undefined bom10 top10\" id=\"nomo\" style=\"padding-bottom:10px;padding-top:10px;\"><div class=\"themepark_icon_list_in fullicon  rightheng\" style=\"\"><div class=\"themepark_icon_lists iconl3 iconls2\" style=\"\"><a class=\"themepark_icon_box  picmodle\" href=\"https:\/\/youtu.be\/m8hHY49PgTo?si=E9gnh-NeHIuwiSR6\" style=\"\" rel=\"nofollow noopener\" target=\"_blank\"><div class=\"themepark_icon_box_i\"><div class=\"themepark_icon_box_i_out\"><img decoding=\"async\" src=\"https:\/\/www.macypanofficial.com\/wp-content\/uploads\/2024\/09\/MACY-PAN.jpg\" alt=\"MACY-PAN\" style=\"width:500px;\"\/><\/div><b style=\"font-size:18px;color:#09152c;\">MACY-PAN<\/b><\/div><div class=\"themepark_icon_box_d\" style=\"font-size:13px;color:#666666;height:48px;\"><span>Vid\u00e9o de pr\u00e9sentation de l'entreprise<\/span><\/div><div class=\"themepark_icon_box_bac\" style=\"background:#f2fbff;opacity:0;\"><\/div><\/a><a class=\"themepark_icon_box  picmodle\" href=\"https:\/\/youtu.be\/dOcLFDFgUw0?si=sIpPFctsvIYQu_xW\" style=\"\" rel=\"nofollow noopener\" target=\"_blank\"><div class=\"themepark_icon_box_i\"><div class=\"themepark_icon_box_i_out\"><img decoding=\"async\" src=\"https:\/\/www.macypanofficial.com\/wp-content\/uploads\/2024\/09\/HP1501-Installation-Instructions.jpg\" alt=\"HP1501 Instructions d&#039;installation\" style=\"width:500px;\"\/><\/div><b style=\"font-size:18px;color:#09152c;\">HP1501 Instructions d'installation<\/b><\/div><div class=\"themepark_icon_box_d\" style=\"font-size:13px;color:#666666;height:48px;\"><span>Instructions d'installation de la chambre hyperbare HP1501<\/span><\/div><div class=\"themepark_icon_box_bac\" style=\"background:#f2fbff;opacity:0;\"><\/div><\/a><a class=\"themepark_icon_box  picmodle\" href=\"https:\/\/youtu.be\/97qe9gTPXa0?si=mvgYMx1grB99GCkX\" style=\"\" rel=\"nofollow noopener\" target=\"_blank\"><div class=\"themepark_icon_box_i\"><div class=\"themepark_icon_box_i_out\"><img decoding=\"async\" src=\"https:\/\/www.macypanofficial.com\/wp-content\/uploads\/2024\/09\/Instructions-for-use-of-HE5000.jpg\" alt=\"Mode d&#039;emploi du HE5000\" style=\"width:500px;\"\/><\/div><b style=\"font-size:18px;color:#09152c;\">Mode d'emploi du HE5000<\/b><\/div><div class=\"themepark_icon_box_d\" style=\"font-size:13px;color:#666666;height:48px;\"><span>1,6-2,0 ATA Chambre hyperbare multiplace s\u00e9rie HE5000<\/span><\/div><div class=\"themepark_icon_box_bac\" style=\"background:#f2fbff;opacity:0;\"><\/div><\/a><a class=\"themepark_icon_box  picmodle\" href=\"https:\/\/youtu.be\/A1cOU71HNtk?si=y5Ak6xCxyFRSls-Q\" style=\"\" rel=\"nofollow noopener\" target=\"_blank\"><div class=\"themepark_icon_box_i\"><div class=\"themepark_icon_box_i_out\"><img decoding=\"async\" src=\"https:\/\/www.macypanofficial.com\/wp-content\/uploads\/2024\/09\/Instructions-for-use-of-HP2202.jpg\" alt=\"Manuel de l&#039;utilisateur HP2202\" style=\"width:500px;\"\/><\/div><b style=\"font-size:18px;color:#09152c;\">Manuel de l'utilisateur HP2202<\/b><\/div><div class=\"themepark_icon_box_d\" style=\"font-size:13px;color:#666666;height:48px;\"><span>Chambre hyperbare MACY-PAN 2.0ATA HP2202<\/span><\/div><div class=\"themepark_icon_box_bac\" style=\"background:#f2fbff;opacity:0;\"><\/div><\/a><a class=\"themepark_icon_box  picmodle\" href=\"https:\/\/youtu.be\/HQvnnKHeLC8?si=FA_bR3KM61Nv1f0N\" style=\"\" rel=\"nofollow noopener\" target=\"_blank\"><div class=\"themepark_icon_box_i\"><div class=\"themepark_icon_box_i_out\"><img decoding=\"async\" src=\"https:\/\/www.macypanofficial.com\/wp-content\/uploads\/2024\/09\/TJ-Dillashaw.jpg\" alt=\"Ce que dit TJ Dillashaw\" style=\"width:500px;\"\/><\/div><b style=\"font-size:18px;color:#09152c;\">Ce que dit TJ Dillashaw<\/b><\/div><div class=\"themepark_icon_box_d\" style=\"font-size:13px;color:#666666;height:48px;\"><span>Avis sur la chambre \u00e0 oxyg\u00e8ne hyperbare MACY-PAN<\/span><\/div><div class=\"themepark_icon_box_bac\" style=\"background:#f2fbff;opacity:0;\"><\/div><\/a><a class=\"themepark_icon_box  picmodle\" href=\"https:\/\/youtu.be\/GcUaXT35Wno?si=UHgs-zVDoV9_51Kw\" style=\"\" rel=\"nofollow noopener\" target=\"_blank\"><div class=\"themepark_icon_box_i\"><div class=\"themepark_icon_box_i_out\"><img decoding=\"async\" src=\"https:\/\/www.macypanofficial.com\/wp-content\/uploads\/2024\/09\/Frequently-asked-questions.jpg\" alt=\"Questions fr\u00e9quemment pos\u00e9es\" style=\"width:500px;\"\/><\/div><b style=\"font-size:18px;color:#09152c;\">Questions fr\u00e9quemment pos\u00e9es<\/b><\/div><div class=\"themepark_icon_box_d\" style=\"font-size:13px;color:#666666;height:48px;\"><span>Questions fr\u00e9quemment pos\u00e9es sur les chambres \u00e0 oxyg\u00e8ne hyperbares<\/span><\/div><div class=\"themepark_icon_box_bac\" style=\"background:#f2fbff;opacity:0;\"><\/div><\/a><\/div><\/div><\/section>\n<\/div>\n<\/div><div class=\"layout_badh\"><\/div><\/section>\n<\/div>\n<\/div><div class=\"layout_badh\"><\/div><\/section>\n<\/div>\n<\/div>","protected":false},"excerpt":{"rendered":"","protected":false},"author":1,"featured_media":5961,"parent":0,"menu_order":0,"comment_status":"open","ping_status":"closed","template":"","meta":{"themepark_post_bcolor":"#f5f5f5","themepark_post_width":"100% dong","themepark_post_img":"","themepark_post_img_po":"left","themepark_post_img_re":false,"themepark_post_img_cover":false,"themepark_post_img_fixed":false,"themepark_post_hide_title":true,"themepark_post_main_b":"#ffffff","themepark_post_main_p":100,"themepark_paddingblock":true,"footnotes":""},"class_list":["post-2715","page","type-page","status-publish","has-post-thumbnail","hentry"],"_links":{"self":[{"href":"https:\/\/www.macypanofficial.com\/fr\/wp-json\/wp\/v2\/pages\/2715","targetHints":{"allow":["GET"]}}],"collection":[{"href":"https:\/\/www.macypanofficial.com\/fr\/wp-json\/wp\/v2\/pages"}],"about":[{"href":"https:\/\/www.macypanofficial.com\/fr\/wp-json\/wp\/v2\/types\/page"}],"author":[{"embeddable":true,"href":"https:\/\/www.macypanofficial.com\/fr\/wp-json\/wp\/v2\/users\/1"}],"replies":[{"embeddable":true,"href":"https:\/\/www.macypanofficial.com\/fr\/wp-json\/wp\/v2\/comments?post=2715"}],"version-history":[{"count":1,"href":"https:\/\/www.macypanofficial.com\/fr\/wp-json\/wp\/v2\/pages\/2715\/revisions"}],"predecessor-version":[{"id":7702,"href":"https:\/\/www.macypanofficial.com\/fr\/wp-json\/wp\/v2\/pages\/2715\/revisions\/7702"}],"wp:featuredmedia":[{"embeddable":true,"href":"https:\/\/www.macypanofficial.com\/fr\/wp-json\/wp\/v2\/media\/5961"}],"wp:attachment":[{"href":"https:\/\/www.macypanofficial.com\/fr\/wp-json\/wp\/v2\/media?parent=2715"}],"curies":[{"name":"wp","href":"https:\/\/api.w.org\/{rel}","templated":true}]}}