{"id":5381,"date":"2024-09-10T14:02:44","date_gmt":"2024-09-10T06:02:44","guid":{"rendered":"https:\/\/eee.ceshi.xyz\/?page_id=5381"},"modified":"2025-10-20T16:00:49","modified_gmt":"2025-10-20T08:00:49","slug":"revues","status":"publish","type":"page","link":"https:\/\/www.macypanofficial.com\/fr\/revues\/","title":{"rendered":"Commentaires"},"content":{"rendered":"<div class=\"wp-block-themepark-block-themepark-wright content-super-p PcOnly\" style=\"font-size:12px;line-height:20px;padding:1px 1px;\">\n<div class=\"wp-block-column\">\n<section class=\"wp-block-themepark-block-themepark-area block_layout thempark-block undefined bom100 top100\" id=\"maxw\" style=\"padding-top:183px;height:600px;box-sizing: border-box;width: 100%;\" data-swiper-parallax=\"-700\"><div class=\"block_layout_in clomnsmal\" style=\"\">\n<div class=\"wp-block-column block_layout_in\"><\/div>\n<\/div><div class=\"layout_badh\"><div class=\"shizhezhao\" style=\"opacity:0.68;background-color:;\"><\/div><div class=\"PcOnly themepark-block_layout_ba lazyload swiper-lazy\" style=\"background-position:center;\" data-background=\"https:\/\/www.macypanofficial.com\/wp-content\/uploads\/2024\/06\/fenlei007.jpg\"><\/div><\/div><\/section>\n<\/div>\n<\/div>\n\n\n\n<section class=\"wp-block-themepark-block-themepark-area block_layout thempark-block MovePnly\" id=\"maxw\" style=\"\" data-swiper-parallax=\"-700\"><div class=\"block_layout_in\" style=\"\">\n<div class=\"wp-block-column block_layout_in\"><div class=\"wp-block-image\">\n<figure class=\"aligncenter size-full\"><img loading=\"lazy\" decoding=\"async\" width=\"768\" height=\"900\" src=\"https:\/\/www.macypanofficial.com\/wp-content\/uploads\/2024\/09\/bannera11-1.jpg\" alt=\"bannera11\" class=\"wp-image-5961\" srcset=\"https:\/\/www.macypanofficial.com\/wp-content\/uploads\/2024\/09\/bannera11-1.jpg 768w, https:\/\/www.macypanofficial.com\/wp-content\/uploads\/2024\/09\/bannera11-1-256x300.jpg 256w\" sizes=\"auto, (max-width: 768px) 100vw, 768px\" \/><\/figure>\n<\/div><\/div>\n<\/div><div class=\"layout_badh\"><\/div><\/section>\n\n\n\n<div class=\"wp-block-themepark-block-themepark-wright content-super-p MovePnly\" style=\"font-size:12px;line-height:20px;padding:50px 0px;\">\n<div class=\"wp-block-column\">\n<section class=\"wp-block-themepark-block-themepark-area block_layout thempark-block undefined\" id=\"\" style=\"\" data-swiper-parallax=\"-700\"><div class=\"block_layout_in\" style=\"\">\n<div class=\"wp-block-column\">\n<section class=\"wp-block-themepark-block-themepark-area block_layout thempark-block undefined bom10 top10 severs\" id=\"maxw\" style=\"background-color:#ffffff;padding-bottom:13px;padding-top:40px;\" data-swiper-parallax=\"-700\"><div class=\"block_layout_in\" style=\"\"><div class=\"post_in_list_head modle_title2\"><h3><span class=\"ez-toc-section\" id=\"MACYPANREVIEWS\"><\/span><span style=\"color:#666666;font-size:18px;\" class=\"main-title\">MACYPAN<\/span><span style=\"color:#239be0;font-size:18px;\" class=\"as-title\">REVUE<\/span><span class=\"ez-toc-section-end\"><\/span><\/h3><div class=\"title_boout\"><div class=\"title_bo\" style=\"border-bottom:1px solid #ccc;\"><\/div><\/div><font class=\"titletext\" style=\"color:#666666;font-size:12px;\"><span>SHANGHAI BAOBANG MEDICAL EQUIPMENT CO, LTD REVIEWS<\/span><\/font><\/div>\n<div class=\"wp-block-column block_layout_in\">\n<div class=\"wp-block-themepark-block-themepark-wright content-super-p\" style=\"font-size:16px;line-height:28px;color:#666666;background-color:#ffffff;padding:80px 15px;\">\n<div class=\"wp-block-column\">\n<section class=\"wp-block-themepark-block-themepark-history themepark-history-shuxiang  ybdms\"><div class=\"themepark-history_up\" style=\"border-left: 2px solid#24b6b1;\"><div class=\"history_box\"><div class=\"imgbox\"><img decoding=\"async\" class=\"show\" src=\"https:\/\/www.macypanofficial.com\/wp-content\/uploads\/2024\/09\/Nemanja-Majdo-reviews1.jpg\" alt=\"\"><\/div><b class=\"hi_title\" style=\"font-size:15px;color:#000000;\">Nemanja Majdo<\/b><div class=\"hi_text\" style=\"font-size:13px;color:#666666;\"><div class=\"ov\" style=\"height:100px;\"><span>Championne de judo de Serbie<\/span><span>\u2605\u2605\u2605\u2605\u2605<\/span><span>\" Nemanja Majdo est le champion de judo de la Serbie. Lors des Championnats d'Europe de judo 2018 \u00e0 Tel Aviv, il a remport\u00e9 sa premi\u00e8re m\u00e9daille europ\u00e9enne senior.Il a exprim\u00e9 sa gratitude envers MACY-PAN pour l'avoir aid\u00e9 \u00e0 r\u00e9cup\u00e9rer rapidement apr\u00e8s un entra\u00eenement intensif et continuera \u00e0 utiliser le caisson hyperbare souple et dur de MACY-PAN.\"<\/span><\/div><div class=\"his_xian\" style=\"background:#24b6b1;\"><\/div><div class=\"his_quan\" style=\"background:#24b6b1;\"><div class=\"his_quan_in\" style=\"border: 1px solid #24b6b1;\"><\/div><\/div><\/div><\/div><div class=\"history_box\"><div class=\"imgbox\"><img decoding=\"async\" class=\"show\" src=\"https:\/\/www.macypanofficial.com\/wp-content\/uploads\/2024\/09\/Vite-Dragic-reviews1.jpg\" alt=\"\"><\/div><b class=\"hi_title\" style=\"font-size:15px;color:#000000;\">Vite Dragic<\/b><div class=\"hi_text\" style=\"font-size:13px;color:#666666;\"><div class=\"ov\" style=\"height:100px;\"><span>Athl\u00e8te de judo de Slov\u00e9nie<\/span><span>\u2605\u2605\u2605\u2605\u2605<\/span><span>En tant qu'athl\u00e8te professionnel, je me suis procur\u00e9 cette chambre pour m'aider dans ma r\u00e9g\u00e9n\u00e9ration et ma r\u00e9cup\u00e9ration. Je l'utilise tous les jours \uff087 jours maintenant\uff09pendant 90min et les r\u00e9sultats sont incroyables j'ai boost\u00e9 ma puissance, ma vitesse et mon endurance pour 10%,tout simplement incroyable.merci pour tout Macy-Pan ! !!<\/span><\/div><div class=\"his_xian\" style=\"background:#24b6b1;\"><\/div><div class=\"his_quan\" style=\"background:#24b6b1;\"><div class=\"his_quan_in\" style=\"border: 1px solid #24b6b1;\"><\/div><\/div><\/div><\/div><div class=\"history_box\"><div class=\"imgbox\"><img decoding=\"async\" class=\"show\" src=\"https:\/\/www.macypanofficial.com\/wp-content\/uploads\/2024\/09\/Lorna-Brodie-reviews1.jpg\" alt=\"\"><\/div><b class=\"hi_title\" style=\"font-size:15px;color:#000000;\">Lorna Brodie<\/b><div class=\"hi_text\" style=\"font-size:13px;color:#666666;\"><div class=\"ov\" style=\"height:100px;\"><span>Depuis les \u00c9tats-Unis<\/span><span>\u2605\u2605\u2605\u2605\u2605<\/span><span>Mon mari et moi sommes tellement satisfaits de notre chambre hyperbare que nous envisageons d'en acheter une autre pour notre maison dans l'Idaho.Maintenant que nous l'utilisons presque tous les jours, nous ne pouvons plus nous en passer.J'ai consult\u00e9 votre site Web et je me demandais combien co\u00fbtent les chambres de type assis ? Nous voudrons probablement en acheter une autre comme celle que nous avons dans notre maison en Californie, mais j'\u00e9tais juste curieuse de savoir si la chambre assise offrait les m\u00eames avantages.<\/span><\/div><div class=\"his_xian\" style=\"background:#24b6b1;\"><\/div><div class=\"his_quan\" style=\"background:#24b6b1;\"><div class=\"his_quan_in\" style=\"border: 1px solid #24b6b1;\"><\/div><\/div><\/div><\/div><div class=\"history_box\"><div class=\"imgbox\"><img decoding=\"async\" class=\"show\" src=\"https:\/\/www.macypanofficial.com\/wp-content\/uploads\/2024\/09\/Janez-Cerk-review.jpg\" alt=\"\"><\/div><b class=\"hi_title\" style=\"font-size:15px;color:#000000;\">Janez Cerk<\/b><div class=\"hi_text\" style=\"font-size:13px;color:#666666;\"><div class=\"ov\" style=\"height:100px;\"><span>de Slov\u00e9nie<\/span><span>\u2605\u2605\u2605\u2605\u2605<\/span><span>Je suis tr\u00e8s satisfait de votre chambre. Ma femme et moi l'avons utilis\u00e9e tous les jours.<\/span><span>J'ai une question \u00e0 vous poser. Il est possible de faire \u00e9voluer votre chambre vers la classe<\/span><span>J'ai travaill\u00e9 un an comme op\u00e9rateur hyperbare et j'ai de l'exp\u00e9rience avec l'OHB.<\/span><\/div><div class=\"his_xian\" style=\"background:#24b6b1;\"><\/div><div class=\"his_quan\" style=\"background:#24b6b1;\"><div class=\"his_quan_in\" style=\"border: 1px solid #24b6b1;\"><\/div><\/div><\/div><\/div><div class=\"history_box\"><div class=\"imgbox\"><img decoding=\"async\" class=\"show\" src=\"https:\/\/www.macypanofficial.com\/wp-content\/uploads\/2024\/09\/Natalie-Good-review.jpg\" alt=\"\"><\/div><b class=\"hi_title\" style=\"font-size:15px;color:#000000;\">Natalie Good<\/b><div class=\"hi_text\" style=\"font-size:13px;color:#666666;\"><div class=\"ov\" style=\"height:100px;\"><span>Championne du monde de ski universitaire<\/span><span>\u2605\u2605\u2605\u2605\u2605<\/span><span>Nous sommes ravis d'accueillir Natalie Good dans le caisson hyperbare. Nats est la premi\u00e8re et la seule N\u00e9o-Z\u00e9landaise \u00e0 avoir remport\u00e9 une m\u00e9daille d'or aux Jeux mondiaux universitaires, en remportant l'\u00e9preuve de Slope Style \u00e0 Trentino, en Italie. Nats revient tout juste d'un voyage couronn\u00e9 de succ\u00e8s en Europe.<\/span><\/div><div class=\"his_xian\" style=\"background:#24b6b1;\"><\/div><div class=\"his_quan\" style=\"background:#24b6b1;\"><div class=\"his_quan_in\" style=\"border: 1px solid #24b6b1;\"><\/div><\/div><\/div><\/div><div class=\"history_box\"><div class=\"imgbox\"><img decoding=\"async\" class=\"show\" src=\"https:\/\/www.macypanofficial.com\/wp-content\/uploads\/2024\/09\/GabrielVargas-review.jpg\" alt=\"\"><\/div><b class=\"hi_title\" style=\"font-size:15px;color:#000000;\">GabrielVargas<\/b><div class=\"hi_text\" style=\"font-size:13px;color:#666666;\"><div class=\"ov\" style=\"height:100px;\"><span>FootballStarinChile<\/span><span>\u2605\u2605\u2605\u2605\u2605<\/span><span>Gabriel emporte la chambre avec lui, en particulier lors des matchs \u00e0 l'ext\u00e9rieur.<\/span><span>Il a deux beaux enfants, et sa femme Nichole fait du hbot \u00e0 la maison tous les jours.<\/span><\/div><div class=\"his_xian\" style=\"background:#24b6b1;\"><\/div><div class=\"his_quan\" style=\"background:#24b6b1;\"><div class=\"his_quan_in\" style=\"border: 1px solid #24b6b1;\"><\/div><\/div><\/div><\/div><div class=\"wp_clear\"><\/div><\/div><div class=\"wp_clear\"><\/div><\/section>\n\n\n\n<p><\/p>\n\n\n\n<p><\/p>\n<\/div>\n<\/div>\n<\/div>\n<\/div><div class=\"layout_badh\"><\/div><\/section>\n<\/div>\n<\/div><div class=\"layout_badh\"><\/div><\/section>\n<\/div>\n<\/div>\n\n\n\n<div class=\"wp-block-themepark-block-themepark-wright content-super-p PcOnly\" style=\"font-size:12px;line-height:20px;\">\n<div class=\"wp-block-column\">\n<section class=\"wp-block-themepark-block-themepark-area block_layout thempark-block undefined\" id=\"\" style=\"\" data-swiper-parallax=\"-700\"><div class=\"block_layout_in\" style=\"\">\n<div class=\"wp-block-column\">\n<section class=\"wp-block-themepark-block-themepark-area block_layout thempark-block undefined bom10 top10 severs\" id=\"maxw\" style=\"background-color:#ffffff;padding-bottom:13px;padding-top:50px;\" data-swiper-parallax=\"-700\"><div class=\"block_layout_in\" style=\"\"><div class=\"post_in_list_head modle_title2\"><h3><span class=\"ez-toc-section\" id=\"MACYPANREVIEWS-2\"><\/span><span style=\"color:#666666;\" class=\"main-title has-medium-font-size\">MACYPAN<\/span><span style=\"color:#239be0;\" class=\"as-title has-medium-font-size\">REVUE<\/span><span class=\"ez-toc-section-end\"><\/span><\/h3><div class=\"title_boout\"><div class=\"title_bo\" style=\"border-bottom:1px solid #ccc;\"><\/div><\/div><font class=\"titletext\" style=\"color:#666666;font-size:14px;\"><span>SHANGHAI BAOBANG MEDICAL EQUIPMENT CO, LTD REVIEWS<\/span><\/font><\/div>\n<div class=\"wp-block-column block_layout_in\">\n<div class=\"wp-block-themepark-block-themepark-wright content-super-p\" style=\"font-size:16px;line-height:28px;color:#666666;background-color:#ffffff;padding:80px 15px;\">\n<div class=\"wp-block-column\">\n<section class=\"wp-block-themepark-block-themepark-history themepark-history-shuxiang  ybdms\"><div class=\"themepark-history_up\" style=\"border-left: 2px solid#24b6b1;\"><div class=\"history_box\"><div class=\"imgbox\"><img decoding=\"async\" class=\"show\" src=\"https:\/\/www.macypanofficial.com\/wp-content\/uploads\/2024\/09\/Nemanja-Majdo-reviews1.jpg\" alt=\"\"><\/div><b class=\"hi_title\" style=\"font-size:24px;color:#000000;\">Nemanja Majdo<\/b><div class=\"hi_text\" style=\"font-size:15px;color:#666666;\"><div class=\"ov\" style=\"height:100px;\"><span>Championne de judo de Serbie<\/span><span>\u2605\u2605\u2605\u2605\u2605<\/span><span>\" Nemanja Majdo est le champion de judo de la Serbie. Lors des Championnats d'Europe de judo 2018 \u00e0 Tel Aviv, il a remport\u00e9 sa premi\u00e8re m\u00e9daille europ\u00e9enne senior.Il a exprim\u00e9 sa gratitude envers MACY-PAN pour l'avoir aid\u00e9 \u00e0 r\u00e9cup\u00e9rer rapidement apr\u00e8s un entra\u00eenement intensif et continuera \u00e0 utiliser le caisson hyperbare souple et dur de MACY-PAN.\"<\/span><\/div><div class=\"his_xian\" style=\"background:#24b6b1;\"><\/div><div class=\"his_quan\" style=\"background:#24b6b1;\"><div class=\"his_quan_in\" style=\"border: 1px solid #24b6b1;\"><\/div><\/div><\/div><\/div><div class=\"history_box\"><div class=\"imgbox\"><img decoding=\"async\" class=\"show\" src=\"https:\/\/www.macypanofficial.com\/wp-content\/uploads\/2024\/09\/Vite-Dragic-reviews1.jpg\" alt=\"\"><\/div><b class=\"hi_title\" style=\"font-size:24px;color:#000000;\">Vite Dragic<\/b><div class=\"hi_text\" style=\"font-size:15px;color:#666666;\"><div class=\"ov\" style=\"height:100px;\"><span>Athl\u00e8te de judo de Slov\u00e9nie<\/span><span>\u2605\u2605\u2605\u2605\u2605<\/span><span>En tant qu'athl\u00e8te professionnel, je me suis procur\u00e9 cette chambre pour m'aider dans ma r\u00e9g\u00e9n\u00e9ration et ma r\u00e9cup\u00e9ration. Je l'utilise tous les jours \uff087 jours maintenant\uff09pendant 90min et les r\u00e9sultats sont incroyables j'ai boost\u00e9 ma puissance, ma vitesse et mon endurance pour 10%,tout simplement incroyable.merci pour tout Macy-Pan ! !!<\/span><\/div><div class=\"his_xian\" style=\"background:#24b6b1;\"><\/div><div class=\"his_quan\" style=\"background:#24b6b1;\"><div class=\"his_quan_in\" style=\"border: 1px solid #24b6b1;\"><\/div><\/div><\/div><\/div><div class=\"history_box\"><div class=\"imgbox\"><img decoding=\"async\" class=\"show\" src=\"https:\/\/www.macypanofficial.com\/wp-content\/uploads\/2024\/09\/Lorna-Brodie-reviews1.jpg\" alt=\"\"><\/div><b class=\"hi_title\" style=\"font-size:24px;color:#000000;\">Lorna Brodie<\/b><div class=\"hi_text\" style=\"font-size:15px;color:#666666;\"><div class=\"ov\" style=\"height:100px;\"><span>Depuis les \u00c9tats-Unis<\/span><span>\u2605\u2605\u2605\u2605\u2605<\/span><span>Mon mari et moi sommes tellement satisfaits de notre chambre hyperbare que nous envisageons d'en acheter une autre pour notre maison dans l'Idaho.Maintenant que nous l'utilisons presque tous les jours, nous ne pouvons plus nous en passer.J'ai consult\u00e9 votre site Web et je me demandais combien co\u00fbtent les chambres de type assis ? Nous voudrons probablement en acheter une autre comme celle que nous avons dans notre maison en Californie, mais j'\u00e9tais juste curieuse de savoir si la chambre assise offrait les m\u00eames avantages.<\/span><\/div><div class=\"his_xian\" style=\"background:#24b6b1;\"><\/div><div class=\"his_quan\" style=\"background:#24b6b1;\"><div class=\"his_quan_in\" style=\"border: 1px solid #24b6b1;\"><\/div><\/div><\/div><\/div><div class=\"history_box\"><div class=\"imgbox\"><img decoding=\"async\" class=\"show\" src=\"https:\/\/www.macypanofficial.com\/wp-content\/uploads\/2024\/09\/Janez-Cerk-review.jpg\" alt=\"\"><\/div><b class=\"hi_title\" style=\"font-size:24px;color:#000000;\">Janez Cerk<\/b><div class=\"hi_text\" style=\"font-size:15px;color:#666666;\"><div class=\"ov\" style=\"height:100px;\"><span>de Slov\u00e9nie<\/span><span>\u2605\u2605\u2605\u2605\u2605<\/span><span>Je suis tr\u00e8s satisfait de votre chambre. Ma femme et moi l'avons utilis\u00e9e tous les jours.<\/span><span>J'ai une question \u00e0 vous poser. Il est possible de faire \u00e9voluer votre chambre vers la classe<\/span><span>J'ai travaill\u00e9 un an comme op\u00e9rateur hyperbare et j'ai de l'exp\u00e9rience avec l'OHB.<\/span><\/div><div class=\"his_xian\" style=\"background:#24b6b1;\"><\/div><div class=\"his_quan\" style=\"background:#24b6b1;\"><div class=\"his_quan_in\" style=\"border: 1px solid #24b6b1;\"><\/div><\/div><\/div><\/div><div class=\"history_box\"><div class=\"imgbox\"><img decoding=\"async\" class=\"show\" src=\"https:\/\/www.macypanofficial.com\/wp-content\/uploads\/2024\/09\/Natalie-Good-review.jpg\" alt=\"\"><\/div><b class=\"hi_title\" style=\"font-size:24px;color:#000000;\">Natalie Good<\/b><div class=\"hi_text\" style=\"font-size:15px;color:#666666;\"><div class=\"ov\" style=\"height:100px;\"><span>Championne du monde de ski universitaire<\/span><span>\u2605\u2605\u2605\u2605\u2605<\/span><span>Nous sommes ravis d'accueillir Natalie Good dans le caisson hyperbare. Nats est la premi\u00e8re et la seule N\u00e9o-Z\u00e9landaise \u00e0 avoir remport\u00e9 une m\u00e9daille d'or aux Jeux mondiaux universitaires, en remportant l'\u00e9preuve de Slope Style \u00e0 Trentino, en Italie. Nats revient tout juste d'un voyage couronn\u00e9 de succ\u00e8s en Europe.<\/span><\/div><div class=\"his_xian\" style=\"background:#24b6b1;\"><\/div><div class=\"his_quan\" style=\"background:#24b6b1;\"><div class=\"his_quan_in\" style=\"border: 1px solid #24b6b1;\"><\/div><\/div><\/div><\/div><div class=\"history_box\"><div class=\"imgbox\"><img decoding=\"async\" class=\"show\" src=\"https:\/\/www.macypanofficial.com\/wp-content\/uploads\/2024\/09\/GabrielVargas-review.jpg\" alt=\"\"><\/div><b class=\"hi_title\" style=\"font-size:24px;color:#000000;\">GabrielVargas<\/b><div class=\"hi_text\" style=\"font-size:15px;color:#666666;\"><div class=\"ov\" style=\"height:100px;\"><span>FootballStarinChile<\/span><span>\u2605\u2605\u2605\u2605\u2605<\/span><span>Gabriel emporte la chambre avec lui, en particulier lors des matchs \u00e0 l'ext\u00e9rieur.<\/span><span>Il a deux beaux enfants, et sa femme Nichole fait du hbot \u00e0 la maison tous les jours.<\/span><\/div><div class=\"his_xian\" style=\"background:#24b6b1;\"><\/div><div class=\"his_quan\" style=\"background:#24b6b1;\"><div class=\"his_quan_in\" style=\"border: 1px solid #24b6b1;\"><\/div><\/div><\/div><\/div><div class=\"wp_clear\"><\/div><\/div><div class=\"wp_clear\"><\/div><\/section>\n\n\n\n<p><\/p>\n\n\n\n<p><\/p>\n<\/div>\n<\/div>\n<\/div>\n<\/div><div class=\"layout_badh\"><\/div><\/section>\n<\/div>\n<\/div><div class=\"layout_badh\"><\/div><\/section>\n<\/div>\n<\/div>","protected":false},"excerpt":{"rendered":"","protected":false},"author":1,"featured_media":5961,"parent":0,"menu_order":0,"comment_status":"open","ping_status":"closed","template":"","meta":{"themepark_post_bcolor":"#f5f5f5","themepark_post_width":"100% dong","themepark_post_img":"","themepark_post_img_po":"left","themepark_post_img_re":false,"themepark_post_img_cover":false,"themepark_post_img_fixed":false,"themepark_post_hide_title":true,"themepark_post_main_b":"#ffffff","themepark_post_main_p":100,"themepark_paddingblock":true,"footnotes":""},"class_list":["post-5381","page","type-page","status-publish","has-post-thumbnail","hentry"],"_links":{"self":[{"href":"https:\/\/www.macypanofficial.com\/fr\/wp-json\/wp\/v2\/pages\/5381","targetHints":{"allow":["GET"]}}],"collection":[{"href":"https:\/\/www.macypanofficial.com\/fr\/wp-json\/wp\/v2\/pages"}],"about":[{"href":"https:\/\/www.macypanofficial.com\/fr\/wp-json\/wp\/v2\/types\/page"}],"author":[{"embeddable":true,"href":"https:\/\/www.macypanofficial.com\/fr\/wp-json\/wp\/v2\/users\/1"}],"replies":[{"embeddable":true,"href":"https:\/\/www.macypanofficial.com\/fr\/wp-json\/wp\/v2\/comments?post=5381"}],"version-history":[{"count":2,"href":"https:\/\/www.macypanofficial.com\/fr\/wp-json\/wp\/v2\/pages\/5381\/revisions"}],"predecessor-version":[{"id":7701,"href":"https:\/\/www.macypanofficial.com\/fr\/wp-json\/wp\/v2\/pages\/5381\/revisions\/7701"}],"wp:featuredmedia":[{"embeddable":true,"href":"https:\/\/www.macypanofficial.com\/fr\/wp-json\/wp\/v2\/media\/5961"}],"wp:attachment":[{"href":"https:\/\/www.macypanofficial.com\/fr\/wp-json\/wp\/v2\/media?parent=5381"}],"curies":[{"name":"wp","href":"https:\/\/api.w.org\/{rel}","templated":true}]}}